{"id":3667,"date":"2024-02-24T17:48:55","date_gmt":"2024-02-24T17:48:55","guid":{"rendered":"https:\/\/demo.labussolahotel.it\/datenschutz-cookie-richtlinie\/"},"modified":"2024-06-27T09:16:12","modified_gmt":"2024-06-27T09:16:12","slug":"datenschutz-cookie-richtlinie","status":"publish","type":"page","link":"https:\/\/demo.labussolahotel.it\/de\/datenschutz-cookie-richtlinie\/","title":{"rendered":"Datenschutz &amp; Cookie-Richtlinie"},"content":{"rendered":"<p>Auf dieser Seite wird beschrieben, wie die Website im Hinblick auf die Verarbeitung der personenbezogenen Daten der Nutzer, die sie besuchen, verwaltet wird.<br \/>\nDieser Hinweis wird in \u00dcbereinstimmung mit der Verordnung (EU) 2016\/679 vom 27. April 2016 (<strong>GDPR<\/strong>) und Artikel 13 des Gesetzesdekrets Nr. 196\/2003 &#8211; Kodex f\u00fcr den Schutz personenbezogener Daten &#8211; denjenigen zur Verf\u00fcgung gestellt, die mit den Webdiensten des <strong>Hotels La Bussola<\/strong> interagieren, die auf elektronischem Wege \u00fcber die Adressen zug\u00e4nglich sind:   <\/p>\n<p><strong><a href=\"https:\/\/labussolahotel.it\" target=\"_blank\" rel=\"noopener noreferrer\">https:\/\/labussolahotel.it<\/a><\/strong><\/p>\n<p><strong><a href=\"https:\/\/hotelbussola.it\" target=\"_blank\" rel=\"noopener\">https:\/\/hotelbussola.it<\/a><\/strong><\/p>\n<p><strong><a href=\"https:\/\/bussolahotel.it\">https:\/\/bussolahotel.it<\/a><\/strong><\/p>\n<p>die den ersten Seiten der Website des <strong>Hotels La Bussola S.r.l<\/strong>. entsprechen. Die Informationen beziehen sich nur auf die oben genannten Websites und nicht auf andere Websites, die vom Benutzer \u00fcber Links aufgerufen werden k\u00f6nnen.<\/p>\n<h2>DER &#8220;EIGENT\u00dcMER&#8221; DER VERARBEITUNG<\/h2>\n<p>Der Inhaber der Datenverarbeitung ist das <strong>Hotel La Bussola S.r.l<\/strong>. mit Sitz in <strong>Lungomare dei Cavalieri, 16 84011 Amalfi (SA).<\/strong><\/p>\n<h2>F\u00dcR DIE DATENVERARBEITUNG VERANTWORTLICHE<\/h2>\n<p>Die vollst\u00e4ndige und aktuelle Liste der benannten verantwortlichen Parteien ist auf Anfrage bei unserem B\u00fcro erh\u00e4ltlich.<\/p>\n<h2>ARTEN VON VERARBEITETEN DATEN<\/h2>\n<h3>Daten zur Navigation<\/h3>\n<p>Die f\u00fcr den Betrieb dieser Website verwendeten Computersysteme und Softwareverfahren erfassen w\u00e4hrend ihres normalen Betriebs einige personenbezogene Daten, deren \u00dcbermittlung durch die Verwendung von Internet-Kommunikationsprotokollen implizit ist. Diese Informationen werden nicht gesammelt, um mit identifizierten Interessenten in Verbindung gebracht zu werden, sondern k\u00f6nnten aufgrund ihrer Beschaffenheit durch die Verarbeitung und Verkn\u00fcpfung mit Daten im Besitz von Dritten die Identifizierung der Nutzer erm\u00f6glichen.  Zu dieser Datenkategorie geh\u00f6ren die IP-Adressen oder Dom\u00e4nennamen der Computer, die von den Nutzern verwendet werden, um sich mit der Website zu verbinden, die URI (Uniform Resource Identifier)-Notationsadressen der angeforderten Ressourcen, die Uhrzeit der Anfrage, die zur \u00dcbermittlung der Anfrage an den Server verwendete Methode, die Gr\u00f6\u00dfe der als Antwort erhaltenen Datei, der numerische Code, der den Status der vom Server gegebenen Antwort angibt (erfolgreich, Fehler usw.), sowie andere Parameter, die sich auf das Betriebssystem und die Computerumgebung des Nutzers beziehen. Diese Daten werden ausschlie\u00dflich dazu verwendet, anonyme statistische Informationen \u00fcber die Nutzung der Website zu erhalten und ihr ordnungsgem\u00e4\u00dfes Funktionieren zu \u00fcberpr\u00fcfen. Die Daten k\u00f6nnten zur Feststellung der Verantwortlichkeit im Falle hypothetischer Computerstraftaten zum Nachteil der Website verwendet werden.  <\/p>\n<h3>Vom Nutzer freiwillig \u00fcbermittelte Daten<\/h3>\n<p>Mit Ausnahme der Navigationsdaten und der auf der Website des <strong>Hotels La Bussola <\/strong> verwendeten Cookies<strong> <\/strong>Es steht Ihnen jederzeit frei, Ihre pers\u00f6nlichen Daten anzugeben. Die Anforderung von Informationen und\/oder Angeboten impliziert die Erfassung Ihrer Kontaktdaten, die f\u00fcr die Beantwortung erforderlich sind, sowie aller in der Mitteilung enthaltenen personenbezogenen Daten. Alle erhobenen personenbezogenen Daten werden gem\u00e4\u00df Artikel 6 der DSGVO verarbeitet. Zu den vom f\u00fcr die Verarbeitung Verantwortlichen zum Zweck der Erbringung der Dienstleistung erhobenen Daten geh\u00f6ren: &#8211; Personen- und Kontaktdaten, wie z. B.: Name, Vorname, Adresse, Telefonnummer, E-Mail und andere Kontaktdaten; &#8211; Steuerdaten; &#8211; alle weiteren Daten, die er f\u00fcr die \u00dcbermittlung f\u00fcr angemessen h\u00e4lt. F\u00fcr den Kauf von Dienstleistungen, die \u00fcber unsere Website angeboten werden, ist die Angabe von Daten unerl\u00e4sslich und obligatorisch f\u00fcr den Abschluss der Bestellung. Die Interaktion mit dritten Zahlungsdienstleistern unterliegt der Datenschutzpolitik der sie anbietenden Organisation.<\/p>\n<p>&nbsp;<\/p>\n<h2>KOMMUNIKATION UND VERBREITUNG VON DATEN<\/h2>\n<p>Die von Ihnen zur Verf\u00fcgung gestellten personenbezogenen Daten werden ausschlie\u00dflich zur Erbringung der angeforderten Dienstleistung oder Bereitstellung verwendet und nicht an Dritte weitergegeben, au\u00dfer in den folgenden m\u00f6glichen F\u00e4llen:<\/p>\n<ul>\n<li>unabh\u00e4ngige Zulieferer, die die personenbezogenen Daten verarbeiten k\u00f6nnen, die f\u00fcr die Erf\u00fcllung der ihnen \u00fcbertragenen Aufgaben erforderlich sind, sie aber nicht f\u00fcr andere Zwecke verwenden d\u00fcrfen, vorbehaltlich der gesetzlich vorgesehenen Garantien;<\/li>\n<li>Personen, Gesellschaften oder Berufsverb\u00e4nde, die Hilfe und Beratung in Buchhaltungs-, Verwaltungs-, Rechts-, Steuer-, Finanz- und technischen Angelegenheiten leisten;<\/li>\n<li>Personen, deren Recht auf Zugang zu den Daten gesetzlich oder durch beh\u00f6rdliche Anordnungen anerkannt ist.<\/li>\n<\/ul>\n<p>Die Zahlungsdienste werden Drittanbietern anvertraut, denen Sie Ihre Daten, einschlie\u00dflich personenbezogener Daten und Kreditkartendaten, mitteilen und die als eigenst\u00e4ndige Datenverantwortliche handeln, um die Zahlungsdienste unter Einhaltung der geltenden Vorschriften und internationalen Sicherheitsstandards zu erbringen. Die Verarbeitung im Zusammenhang mit den Webdiensten erfolgt ausschlie\u00dflich durch das mit der Verarbeitung beauftragte technische Personal oder durch Personen, die f\u00fcr gelegentliche Wartungsarbeiten zust\u00e4ndig sind. Es werden keine aus dem Webdienst stammenden Daten an Dritte weitergegeben oder offengelegt.<\/p>\n<h2>SPEICHERUNG DER ERHOBENEN DATEN<\/h2>\n<p>Die personenbezogenen Daten werden entweder auf Papier oder per Computer so lange verarbeitet, wie es f\u00fcr die Erreichung der Zwecke, f\u00fcr die sie erhoben wurden, erforderlich ist, oder in jedem Fall so lange, wie es f\u00fcr die Feststellung, Aus\u00fcbung und Verteidigung unserer Rechte und der Rechte der Nutzer vor Gericht erforderlich ist.<\/p>\n<h2>DATENSCHUTZ<\/h2>\n<p>Wir verpflichten uns, die pers\u00f6nlichen Daten unserer Nutzer zu sch\u00fctzen. Aus diesem Grund haben wir geeignete technische und organisatorische Ma\u00dfnahmen ergriffen, um die Sicherheit der bereitgestellten personenbezogenen Daten zu gew\u00e4hrleisten. Im Besonderen: <\/p>\n<ul>\n<li>Wir \u00fcberpr\u00fcfen unsere Verfahren zur Datenerfassung, -speicherung und -verarbeitung, einschlie\u00dflich der physischen Sicherheitsma\u00dfnahmen, um den unbefugten Zugriff auf die Systeme zu verhindern;<\/li>\n<li>wir setzen gegebenenfalls Verschl\u00fcsselungstechnologien ein;<\/li>\n<li>wir verwenden gegebenenfalls einen Passwortschutz;<\/li>\n<li>Wir beschr\u00e4nken den Zugang zu personenbezogenen Daten auf Mitarbeiter und Auftragnehmer, die Zugang zu diesen Daten ben\u00f6tigen, um sie in unserem Auftrag und unter strengen vertraglichen Geheimhaltungspflichten zu verarbeiten.<\/li>\n<\/ul>\n<h2>COOKIE-POLITIK<\/h2>\n<h3>Erweiterte Informationen<\/h3>\n<p>Die Website des <strong>Hotels La Bussola<\/strong> verwendet Cookies und\/oder \u00e4hnliche Technologien, um das korrekte Funktionieren der Verfahren und eine bessere Erfahrung bei der Nutzung von Online-Anwendungen zu gew\u00e4hrleisten. Auf dieser Seite finden Sie ausf\u00fchrliche Informationen \u00fcber die Verwendung von Cookies und verwandten Technologien, \u00fcber deren Einsatz und \u00fcber deren Verwaltung, in \u00dcbereinstimmung mit der aktuellen italienischen und europ\u00e4ischen Gesetzgebung \u00fcber die Informationspflicht und den Schutz der Nutzer von Webseiten. Insbesondere informieren wir Sie dar\u00fcber, dass die Website keine Tracking- oder Profiling-Cookies verwendet und dies auch nie tun wird, sondern nur solche, die f\u00fcr den Betrieb und die strukturierte Analyse der Leistung und des Datenverkehrs unbedingt erforderlich sind. <\/p>\n<h3>Definitionen<\/h3>\n<p>Cookies sind kurze Textstrings (Buchstaben und\/oder Zahlen), die es dem Webserver erm\u00f6glichen, Informationen \u00fcber den Client (den Browser) zu speichern, die beim gleichen Besuch der Website (Sitzungscookies) oder danach, sogar noch Tage sp\u00e4ter (dauerhafte Cookies) wiederverwendet werden k\u00f6nnen. Cookies werden je nach den Pr\u00e4ferenzen des Nutzers von dem jeweiligen Browser auf dem jeweiligen Ger\u00e4t (Computer, Tablet, Smartphone) gespeichert. <\/p>\n<h3>Arten von Cookies<\/h3>\n<p>Je nach den Merkmalen und der Verwendung von Cookies k\u00f6nnen wir verschiedene Kategorien unterscheiden:<\/p>\n<p><strong>Streng notwendige Cookies. <\/strong><\/p>\n<p>Diese Cookies sind f\u00fcr das reibungslose Funktionieren der Website des Hotels <strong>La Bussola unerl\u00e4sslich. <\/strong><strong> <\/strong> und werden verwendet, um die Anmeldung und den Zugriff auf die reservierten Funktionen der Website zu verwalten. Die Dauer der Cookies ist streng auf die Arbeitssitzung beschr\u00e4nkt (beim Schlie\u00dfen des Browsers werden sie gel\u00f6scht). <\/p>\n<p><strong>Analyse und Leistungs-Cookies. <\/strong><\/p>\n<p>Es handelt sich um Cookies, die zur anonymen Erfassung und Analyse von Website-Verkehr und -Nutzung verwendet werden. Diese Cookies identifizieren den Nutzer zwar nicht, erm\u00f6glichen es aber beispielsweise festzustellen, ob ein und derselbe Nutzer zu verschiedenen Zeiten wiederkehrt. Sie erm\u00f6glichen es auch, das System zu \u00fcberwachen und seine Leistung und Benutzerfreundlichkeit zu verbessern. Diese Cookies k\u00f6nnen ohne Funktionseinbu\u00dfen deaktiviert werden.   <\/p>\n<p><strong>Profilierungs-Cookies. <\/strong><\/p>\n<p>Es handelt sich um permanente Cookies, die dazu dienen, Ihre Pr\u00e4ferenzen (anonym und nicht anonym) zu erkennen und Ihr Surferlebnis zu verbessern. Die Website des <strong>Hotels La Bussola<\/strong> <strong> <\/strong>verwendet keine Cookies dieser Art. Die auf unserer Website verwendeten Cookies k\u00f6nnen \u00fcber die Schaltfl\u00e4che &#8220;Anpassen&#8221; auf dem Cookie-Banner der Website eingesehen werden. Um auf das Cookie-Banner zuzugreifen, nachdem Sie Ihre Pr\u00e4ferenzen f\u00fcr die Verwendung von Cookies gespeichert haben, k\u00f6nnen Sie die Schaltfl\u00e4che &#8220;Cookie-Einstellungen&#8221; unten auf jeder Seite verwenden.<\/p>\n<h3>Cookies von Dritten<\/h3>\n<p>Beim Besuch einer Website ist es m\u00f6glich, Cookies zu erhalten, die entweder von der von Ihnen besuchten Website (&#8220;eigene Cookies&#8221;) oder von Websites, die von anderen Organisationen betrieben werden (&#8220;Cookies von Dritten&#8221;), stammen.<\/p>\n<h3>Google Analytics<\/h3>\n<p>Die Website des <strong>Hotels La Bussola<\/strong> enth\u00e4lt auch Komponenten, die von Google Analytics \u00fcbertragen werden, einem Dienst zur Analyse des Webverkehrs, der von Google Inc. (&#8220;Google&#8221;) bereitgestellt wird. Auch hier handelt es sich um Cookies von Drittanbietern, die jedoch anonym gesammelt und verwaltet werden, um die Leistung der Host-Site zu \u00fcberwachen und zu verbessern (sogenannte Performance-Cookies). Auf dieser Website wurde der Google-Analytics-Cookie anonymisiert, um ihn mit technischen Cookies gleichzusetzen. Bei der Verwendung von Google-Analytics-Cookies mit anonymisierter IP werden n\u00e4mlich alle Informationen von Google Analytics in aggregierter Form erfasst. Weitere Informationen finden Sie unter dem unten stehenden Link:    <\/p>\n<p><strong><a href=\"https:\/\/www.google.it\/policies\/privacy\/partners\/\">https:\/\/www.google.it\/policies\/privacy\/partners\/<\/a><\/strong><\/p>\n<p>Der Nutzer kann die Wirkung von Google Analytics \u00fcber die Cookie-Einstellungen selektiv deaktivieren (siehe Verwaltung von Cookies). Alternativ k\u00f6nnen Sie die von Google bereitgestellte Deaktivierungskomponente in Ihrem Browser installieren, die Sie \u00fcber den unten stehenden Link herunterladen k\u00f6nnen: <\/p>\n<p><a href=\"https:\/\/tools.google.com\/dlpage\/gaoptout\"><strong>https:\/\/tools.google.com\/dlpage\/gaoptout<\/strong><\/a><\/p>\n<h3>Dauer der Cookies<\/h3>\n<p>Einige Cookies (Sitzungscookies) bleiben nur so lange aktiv, bis der Browser geschlossen oder der Befehl zum Abmelden ausgef\u00fchrt wird. Andere Cookies &#8220;\u00fcberleben&#8221;, wenn der Browser geschlossen wird, und sind bei sp\u00e4teren Besuchen des Nutzers verf\u00fcgbar. Diese Cookies werden als persistent bezeichnet und ihre Dauer wird vom Server bei ihrer Erstellung festgelegt. In einigen F\u00e4llen wird ein Verfallsdatum festgelegt, in anderen F\u00e4llen ist die Dauer unbegrenzt. Beim Navigieren auf den Seiten der Website des <strong>Hotels La Bussola<\/strong> k\u00f6nnen Sie jedoch mit Websites interagieren, die von Dritten verwaltet werden und die dauerhafte Cookies und Profilierungs-Cookies erstellen oder \u00e4ndern k\u00f6nnen. <\/p>\n<h3>Verwaltung von Cookies<\/h3>\n<p>Sie k\u00f6nnen entscheiden, ob Sie Cookies akzeptieren oder nicht, indem Sie die Cookie-Einstellungen der Website verwenden, die Sie \u00fcber die Schaltfl\u00e4che &#8220;Cookies-Einstellungen&#8221; in der Fu\u00dfzeile der Website \u00e4ndern k\u00f6nnen. Achtung: Die vollst\u00e4ndige oder teilweise Deaktivierung von technischen Cookies kann die Nutzung von Funktionen der Website beeintr\u00e4chtigen, die registrierten Benutzern vorbehalten sind. Im Gegenteil, die Nutzbarkeit der \u00f6ffentlichen Inhalte ist auch durch die vollst\u00e4ndige Deaktivierung von Cookies m\u00f6glich. Die Deaktivierung von &#8220;Drittanbieter&#8221;-Cookies beeintr\u00e4chtigt in keiner Weise die Navigationsm\u00f6glichkeiten. Eine aktualisierte Liste mit Anweisungen f\u00fcr die Verwaltung von Cookies in den g\u00e4ngigsten Browsern kann unter <a href=\"https:\/\/kb.amalfiweb.it\/ikb\/gestione-cookie-nei-browser\/\">https:\/\/kb.amalfiweb.it\/ikb\/gestione-cookie-nei-browser\/ <\/a> eingesehen werden<strong>. <\/strong><\/p>\n<h2>BEHANDLUNGSMETHODEN<\/h2>\n<p>Personenbezogene Daten werden mit Hilfe automatisierter Instrumente verarbeitet. Es werden besondere Sicherheitsvorkehrungen getroffen, um Datenverlust, unrechtm\u00e4\u00dfige oder falsche Verwendung und unbefugten Zugriff zu verhindern. <\/p>\n<h2>RECHTE DER BETROFFENEN PARTEIEN<\/h2>\n<p>Die durch die geltenden Bestimmungen garantierten Rechte k\u00f6nnen durch Kontaktaufnahme mit dem f\u00fcr die Verarbeitung Verantwortlichen per Einschreiben mit R\u00fcckschein an den Sitz des <strong>Hotels La Bussola<\/strong> oder per E-Mail an <strong><a href=\"mailto:info@labussolahotel.it\" target=\"_blank\" rel=\"noopener noreferrer\">info@labussolahotel.it<\/a><\/strong> ausge\u00fcbt werden.<\/p>\n<p>Gem\u00e4\u00df geltendem Recht informieren wir Sie dar\u00fcber, dass Sie das Recht haben, folgende Informationen zu erhalten<\/p>\n<ol>\n<li>die Herkunft der personenbezogenen Daten;<\/li>\n<li>die Zwecke und Modalit\u00e4ten der Verarbeitung;<\/li>\n<li>die Logik, die im Falle einer Verarbeitung mit Hilfe elektronischer Instrumente angewandt wird;<\/li>\n<li>die Identifikationsdaten des f\u00fcr die Verarbeitung Verantwortlichen und der verantwortlichen Personen;<\/li>\n<li>der Personen oder Kategorien von Personen, denen die personenbezogenen Daten mitgeteilt werden k\u00f6nnen oder die in ihrer Eigenschaft als Verantwortliche oder Beauftragte davon Kenntnis erhalten k\u00f6nnen.<\/li>\n<\/ol>\n<p>Dar\u00fcber hinaus haben Sie das Recht auf Auskunft:<\/p>\n<p>(a) Zugang, Aktualisierung, Berichtigung oder, falls gew\u00fcnscht, Erg\u00e4nzung der Daten;<\/p>\n<p>b) zu verlangen, dass widerrechtlich verarbeitete Daten gel\u00f6scht, anonymisiert oder gesperrt werden; dies gilt auch f\u00fcr Daten, deren Aufbewahrung f\u00fcr die Zwecke, f\u00fcr die sie erhoben oder sp\u00e4ter verarbeitet wurden, nicht erforderlich ist;<\/p>\n<p>(c) eine Bescheinigung dar\u00fcber, dass die unter den folgenden Nummern genannten Vorg\u00e4nge (a) und (b) denjenigen, denen die Daten mitgeteilt oder \u00fcbermittelt wurden, auch hinsichtlich ihres Inhalts zur Kenntnis gebracht worden sind, es sei denn, dass sich dies als unm\u00f6glich erweist oder einen im Verh\u00e4ltnis zum gesch\u00fctzten Recht offensichtlich unverh\u00e4ltnism\u00e4\u00dfigen Aufwand erfordert.<\/p>\n<p>Dar\u00fcber hinaus haben Sie:<\/p>\n<p>(a) das Recht, seine Einwilligung jederzeit zu widerrufen, wenn er in die Verarbeitung personenbezogener Daten f\u00fcr kommerzielle und Marketingzwecke eingewilligt hat;<\/p>\n<p>(b) gegebenenfalls das Recht auf Daten\u00fcbertragbarkeit (Recht, alle Sie betreffenden personenbezogenen Daten in einem strukturierten, g\u00e4ngigen und maschinenlesbaren Format zu erhalten), das Recht auf Einschr\u00e4nkung der Verarbeitung personenbezogener Daten und das Recht auf L\u00f6schung (&#8220;Recht auf Vergessenwerden&#8221;);<\/p>\n<p>(c) das Recht, aus Gr\u00fcnden, die sich auf Ihre pers\u00f6nliche Situation beziehen, der Verarbeitung der Sie betreffenden personenbezogenen Daten ganz oder teilweise zu widersprechen, auch wenn diese Daten dem Zweck der Erhebung entsprechen, sowie der Verarbeitung von Daten zu Marketingzwecken jederzeit zu widersprechen oder nur in Bezug auf bestimmte Modalit\u00e4ten Widerspruch einzulegen;<\/p>\n<p>(d) Wenn Sie der Ansicht sind, dass die Verarbeitung personenbezogener Daten durch den f\u00fcr die Verarbeitung Verantwortlichen gegen die Verordnung verst\u00f6\u00dft, haben Sie das Recht, eine Beschwerde bei einer Aufsichtsbeh\u00f6rde (in dem Mitgliedstaat, in dem Sie Ihren gew\u00f6hnlichen Aufenthalt haben, in dem Mitgliedstaat, in dem Sie arbeiten, oder in dem Mitgliedstaat, in dem der mutma\u00dfliche Versto\u00df stattgefunden hat) einzureichen. Die italienische Aufsichtsbeh\u00f6rde ist die Garante per la protezione dei dati personali (Italienische Datenschutzbeh\u00f6rde) mit Sitz in Piazza di Monte Citorio n. 121, 00186 &#8211; Rom <strong>(<a href=\"http:\/\/www.garanteprivacy.it\/\">http:\/\/www.garanteprivacy.it\/)<\/a>.<\/strong> <\/p>\n","protected":false},"excerpt":{"rendered":"<p>Auf dieser Seite wird beschrieben, wie die Website im Hinblick auf die Verarbeitung der personenbezogenen Daten der Nutzer, die sie besuchen, verwaltet wird. Dieser Hinweis wird in \u00dcbereinstimmung mit der Verordnung (EU) 2016\/679 vom 27. [&hellip;]<\/p>\n","protected":false},"author":1,"featured_media":0,"parent":0,"menu_order":0,"comment_status":"closed","ping_status":"closed","template":"","meta":{"inline_featured_image":false,"footnotes":""},"class_list":["post-3667","page","type-page","status-publish","hentry"],"yoast_head":"<!-- This site is optimized with the Yoast SEO plugin v25.6 - https:\/\/yoast.com\/wordpress\/plugins\/seo\/ -->\n<title>Datenschutz &amp; Cookie-Richtlinie - La Bussola Hotel DEMO<\/title>\n<meta name=\"robots\" content=\"index, follow, max-snippet:-1, max-image-preview:large, max-video-preview:-1\" \/>\n<link rel=\"canonical\" href=\"https:\/\/demo.labussolahotel.it\/de\/datenschutz-cookie-richtlinie\/\" \/>\n<meta property=\"og:locale\" content=\"de_DE\" \/>\n<meta property=\"og:type\" content=\"article\" \/>\n<meta property=\"og:title\" content=\"Datenschutz &amp; Cookie-Richtlinie - La Bussola Hotel DEMO\" \/>\n<meta property=\"og:description\" content=\"Auf dieser Seite wird beschrieben, wie die Website im Hinblick auf die Verarbeitung der personenbezogenen Daten der Nutzer, die sie besuchen, verwaltet wird. Dieser Hinweis wird in \u00dcbereinstimmung mit der Verordnung (EU) 2016\/679 vom 27. [&hellip;]\" \/>\n<meta property=\"og:url\" content=\"https:\/\/demo.labussolahotel.it\/de\/datenschutz-cookie-richtlinie\/\" \/>\n<meta property=\"og:site_name\" content=\"La Bussola Hotel DEMO\" \/>\n<meta property=\"article:modified_time\" content=\"2024-06-27T09:16:12+00:00\" \/>\n<meta name=\"twitter:card\" content=\"summary_large_image\" \/>\n<meta name=\"twitter:label1\" content=\"Gesch\u00e4tzte Lesezeit\" \/>\n\t<meta name=\"twitter:data1\" content=\"11\u00a0Minuten\" \/>\n<script type=\"application\/ld+json\" class=\"yoast-schema-graph\">{\"@context\":\"https:\/\/schema.org\",\"@graph\":[{\"@type\":\"WebPage\",\"@id\":\"https:\/\/demo.labussolahotel.it\/de\/datenschutz-cookie-richtlinie\/\",\"url\":\"https:\/\/demo.labussolahotel.it\/de\/datenschutz-cookie-richtlinie\/\",\"name\":\"Datenschutz &amp; Cookie-Richtlinie - La Bussola Hotel DEMO\",\"isPartOf\":{\"@id\":\"https:\/\/demo.labussolahotel.it\/#website\"},\"datePublished\":\"2024-02-24T17:48:55+00:00\",\"dateModified\":\"2024-06-27T09:16:12+00:00\",\"breadcrumb\":{\"@id\":\"https:\/\/demo.labussolahotel.it\/de\/datenschutz-cookie-richtlinie\/#breadcrumb\"},\"inLanguage\":\"de\",\"potentialAction\":[{\"@type\":\"ReadAction\",\"target\":[\"https:\/\/demo.labussolahotel.it\/de\/datenschutz-cookie-richtlinie\/\"]}]},{\"@type\":\"BreadcrumbList\",\"@id\":\"https:\/\/demo.labussolahotel.it\/de\/datenschutz-cookie-richtlinie\/#breadcrumb\",\"itemListElement\":[{\"@type\":\"ListItem\",\"position\":1,\"name\":\"Home\",\"item\":\"https:\/\/demo.labussolahotel.it\/\"},{\"@type\":\"ListItem\",\"position\":2,\"name\":\"Datenschutz &amp; Cookie-Richtlinie\"}]},{\"@type\":\"WebSite\",\"@id\":\"https:\/\/demo.labussolahotel.it\/#website\",\"url\":\"https:\/\/demo.labussolahotel.it\/\",\"name\":\"La Bussola Hotel DEMO\",\"description\":\"\",\"publisher\":{\"@id\":\"https:\/\/demo.labussolahotel.it\/#organization\"},\"potentialAction\":[{\"@type\":\"SearchAction\",\"target\":{\"@type\":\"EntryPoint\",\"urlTemplate\":\"https:\/\/demo.labussolahotel.it\/?s={search_term_string}\"},\"query-input\":{\"@type\":\"PropertyValueSpecification\",\"valueRequired\":true,\"valueName\":\"search_term_string\"}}],\"inLanguage\":\"de\"},{\"@type\":\"Organization\",\"@id\":\"https:\/\/demo.labussolahotel.it\/#organization\",\"name\":\"La Bussola Hotel DEMO\",\"url\":\"https:\/\/demo.labussolahotel.it\/\",\"logo\":{\"@type\":\"ImageObject\",\"inLanguage\":\"de\",\"@id\":\"https:\/\/demo.labussolahotel.it\/#\/schema\/logo\/image\/\",\"url\":\"https:\/\/demo.labussolahotel.it\/wp-content\/uploads\/2024\/05\/logo-hotel-labussola.png\",\"contentUrl\":\"https:\/\/demo.labussolahotel.it\/wp-content\/uploads\/2024\/05\/logo-hotel-labussola.png\",\"width\":841,\"height\":350,\"caption\":\"La Bussola Hotel DEMO\"},\"image\":{\"@id\":\"https:\/\/demo.labussolahotel.it\/#\/schema\/logo\/image\/\"}}]}<\/script>\n<!-- \/ Yoast SEO plugin. -->","yoast_head_json":{"title":"Datenschutz &amp; Cookie-Richtlinie - La Bussola Hotel DEMO","robots":{"index":"index","follow":"follow","max-snippet":"max-snippet:-1","max-image-preview":"max-image-preview:large","max-video-preview":"max-video-preview:-1"},"canonical":"https:\/\/demo.labussolahotel.it\/de\/datenschutz-cookie-richtlinie\/","og_locale":"de_DE","og_type":"article","og_title":"Datenschutz &amp; Cookie-Richtlinie - La Bussola Hotel DEMO","og_description":"Auf dieser Seite wird beschrieben, wie die Website im Hinblick auf die Verarbeitung der personenbezogenen Daten der Nutzer, die sie besuchen, verwaltet wird. Dieser Hinweis wird in \u00dcbereinstimmung mit der Verordnung (EU) 2016\/679 vom 27. [&hellip;]","og_url":"https:\/\/demo.labussolahotel.it\/de\/datenschutz-cookie-richtlinie\/","og_site_name":"La Bussola Hotel DEMO","article_modified_time":"2024-06-27T09:16:12+00:00","twitter_card":"summary_large_image","twitter_misc":{"Gesch\u00e4tzte Lesezeit":"11\u00a0Minuten"},"schema":{"@context":"https:\/\/schema.org","@graph":[{"@type":"WebPage","@id":"https:\/\/demo.labussolahotel.it\/de\/datenschutz-cookie-richtlinie\/","url":"https:\/\/demo.labussolahotel.it\/de\/datenschutz-cookie-richtlinie\/","name":"Datenschutz &amp; Cookie-Richtlinie - La Bussola Hotel DEMO","isPartOf":{"@id":"https:\/\/demo.labussolahotel.it\/#website"},"datePublished":"2024-02-24T17:48:55+00:00","dateModified":"2024-06-27T09:16:12+00:00","breadcrumb":{"@id":"https:\/\/demo.labussolahotel.it\/de\/datenschutz-cookie-richtlinie\/#breadcrumb"},"inLanguage":"de","potentialAction":[{"@type":"ReadAction","target":["https:\/\/demo.labussolahotel.it\/de\/datenschutz-cookie-richtlinie\/"]}]},{"@type":"BreadcrumbList","@id":"https:\/\/demo.labussolahotel.it\/de\/datenschutz-cookie-richtlinie\/#breadcrumb","itemListElement":[{"@type":"ListItem","position":1,"name":"Home","item":"https:\/\/demo.labussolahotel.it\/"},{"@type":"ListItem","position":2,"name":"Datenschutz &amp; Cookie-Richtlinie"}]},{"@type":"WebSite","@id":"https:\/\/demo.labussolahotel.it\/#website","url":"https:\/\/demo.labussolahotel.it\/","name":"La Bussola Hotel DEMO","description":"","publisher":{"@id":"https:\/\/demo.labussolahotel.it\/#organization"},"potentialAction":[{"@type":"SearchAction","target":{"@type":"EntryPoint","urlTemplate":"https:\/\/demo.labussolahotel.it\/?s={search_term_string}"},"query-input":{"@type":"PropertyValueSpecification","valueRequired":true,"valueName":"search_term_string"}}],"inLanguage":"de"},{"@type":"Organization","@id":"https:\/\/demo.labussolahotel.it\/#organization","name":"La Bussola Hotel DEMO","url":"https:\/\/demo.labussolahotel.it\/","logo":{"@type":"ImageObject","inLanguage":"de","@id":"https:\/\/demo.labussolahotel.it\/#\/schema\/logo\/image\/","url":"https:\/\/demo.labussolahotel.it\/wp-content\/uploads\/2024\/05\/logo-hotel-labussola.png","contentUrl":"https:\/\/demo.labussolahotel.it\/wp-content\/uploads\/2024\/05\/logo-hotel-labussola.png","width":841,"height":350,"caption":"La Bussola Hotel DEMO"},"image":{"@id":"https:\/\/demo.labussolahotel.it\/#\/schema\/logo\/image\/"}}]}},"_links":{"self":[{"href":"https:\/\/demo.labussolahotel.it\/de\/wp-json\/wp\/v2\/pages\/3667"}],"collection":[{"href":"https:\/\/demo.labussolahotel.it\/de\/wp-json\/wp\/v2\/pages"}],"about":[{"href":"https:\/\/demo.labussolahotel.it\/de\/wp-json\/wp\/v2\/types\/page"}],"author":[{"embeddable":true,"href":"https:\/\/demo.labussolahotel.it\/de\/wp-json\/wp\/v2\/users\/1"}],"replies":[{"embeddable":true,"href":"https:\/\/demo.labussolahotel.it\/de\/wp-json\/wp\/v2\/comments?post=3667"}],"version-history":[{"count":1,"href":"https:\/\/demo.labussolahotel.it\/de\/wp-json\/wp\/v2\/pages\/3667\/revisions"}],"predecessor-version":[{"id":3668,"href":"https:\/\/demo.labussolahotel.it\/de\/wp-json\/wp\/v2\/pages\/3667\/revisions\/3668"}],"wp:attachment":[{"href":"https:\/\/demo.labussolahotel.it\/de\/wp-json\/wp\/v2\/media?parent=3667"}],"curies":[{"name":"wp","href":"https:\/\/api.w.org\/{rel}","templated":true}]}}