{"id":3472,"date":"2024-03-05T11:49:44","date_gmt":"2024-03-05T11:49:44","guid":{"rendered":"https:\/\/demo.labussolahotel.it\/contact\/"},"modified":"2024-06-25T10:59:04","modified_gmt":"2024-06-25T10:59:04","slug":"contact","status":"publish","type":"page","link":"https:\/\/demo.labussolahotel.it\/fr\/contact\/","title":{"rendered":"Contact"},"content":{"rendered":"\n<div class=\"wpcf7 no-js\" id=\"wpcf7-f3511-o1\" lang=\"fr-FR\" dir=\"ltr\" data-wpcf7-id=\"3511\">\n<div class=\"screen-reader-response\"><p role=\"status\" aria-live=\"polite\" aria-atomic=\"true\"><\/p> <ul><\/ul><\/div>\n<form action=\"\/fr\/wp-json\/wp\/v2\/pages\/3472#wpcf7-f3511-o1\" method=\"post\" class=\"wpcf7-form init\" aria-label=\"Formulaire de contact\" novalidate=\"novalidate\" data-status=\"init\">\n<div style=\"display: none;\">\n<input type=\"hidden\" name=\"_wpcf7\" value=\"3511\" \/>\n<input type=\"hidden\" name=\"_wpcf7_version\" value=\"6.0.6\" \/>\n<input type=\"hidden\" name=\"_wpcf7_locale\" value=\"fr_FR\" \/>\n<input type=\"hidden\" name=\"_wpcf7_unit_tag\" value=\"wpcf7-f3511-o1\" \/>\n<input type=\"hidden\" name=\"_wpcf7_container_post\" value=\"0\" \/>\n<input type=\"hidden\" name=\"_wpcf7_posted_data_hash\" value=\"\" \/>\n<\/div>\n<p><label> Votre nom*<br \/>\n<span class=\"wpcf7-form-control-wrap\" data-name=\"your-name\"><input size=\"40\" maxlength=\"400\" class=\"wpcf7-form-control wpcf7-text wpcf7-validates-as-required\" aria-required=\"true\" aria-invalid=\"false\" value=\"\" type=\"text\" name=\"your-name\" \/><\/span> <\/label>\n<\/p>\n<p><label> Votre e-mail*<br \/>\n<span class=\"wpcf7-form-control-wrap\" data-name=\"your-email\"><input size=\"40\" maxlength=\"400\" class=\"wpcf7-form-control wpcf7-email wpcf7-validates-as-required wpcf7-text wpcf7-validates-as-email\" aria-required=\"true\" aria-invalid=\"false\" value=\"\" type=\"email\" name=\"your-email\" \/><\/span> <\/label>\n<\/p>\n<p><label> Objet<br \/>\n<span class=\"wpcf7-form-control-wrap\" data-name=\"your-subject\"><input size=\"40\" maxlength=\"400\" class=\"wpcf7-form-control wpcf7-text\" aria-invalid=\"false\" value=\"\" type=\"text\" name=\"your-subject\" \/><\/span> <\/label>\n<\/p>\n<p><label> Votre message<br \/>\n<span class=\"wpcf7-form-control-wrap\" data-name=\"your-message\"><textarea cols=\"40\" rows=\"10\" maxlength=\"2000\" class=\"wpcf7-form-control wpcf7-textarea\" aria-invalid=\"false\" name=\"your-message\"><\/textarea><\/span> <\/label>\n<\/p>\n<p><span class=\"wpcf7-form-control-wrap\" data-name=\"acceptance-GDPR\"><span class=\"wpcf7-form-control wpcf7-acceptance\"><span class=\"wpcf7-list-item\"><label><input type=\"checkbox\" name=\"acceptance-GDPR\" value=\"1\" aria-invalid=\"false\" \/><span class=\"wpcf7-list-item-label\">En utilisant ce formulaire, vous acceptez le stockage et le traitement de vos donn\u00e9es par l'h\u00f4tel La Bussola et vous nous autorisez \u00e0 vous envoyer un courrier \u00e9lectronique conform\u00e9ment \u00e0 notre politique de confidentialit\u00e9 <a href=\"\/privacy-cookie-policy\/\">Privacy & Cookie Policy<\/a><\/span><\/label><\/span><\/span><\/span>\n<\/p>\n<p><input class=\"wpcf7-form-control wpcf7-submit has-spinner\" type=\"submit\" value=\"Envoyer\" \/>\n<\/p><div class=\"wpcf7-response-output\" aria-hidden=\"true\"><\/div>\n<\/form>\n<\/div>\n\n","protected":false},"excerpt":{"rendered":"","protected":false},"author":1,"featured_media":0,"parent":0,"menu_order":0,"comment_status":"closed","ping_status":"closed","template":"","meta":{"inline_featured_image":false,"footnotes":""},"class_list":["post-3472","page","type-page","status-publish","hentry"],"yoast_head":"<!-- This site is optimized with the Yoast SEO plugin v25.6 - https:\/\/yoast.com\/wordpress\/plugins\/seo\/ -->\n<title>Contact - La Bussola Hotel DEMO<\/title>\n<meta name=\"robots\" content=\"index, follow, max-snippet:-1, max-image-preview:large, max-video-preview:-1\" \/>\n<link rel=\"canonical\" href=\"https:\/\/demo.labussolahotel.it\/fr\/contact\/\" \/>\n<meta property=\"og:locale\" content=\"fr_FR\" \/>\n<meta property=\"og:type\" content=\"article\" \/>\n<meta property=\"og:title\" content=\"Contact - La Bussola Hotel DEMO\" \/>\n<meta property=\"og:url\" content=\"https:\/\/demo.labussolahotel.it\/fr\/contact\/\" \/>\n<meta property=\"og:site_name\" content=\"La Bussola Hotel DEMO\" \/>\n<meta property=\"article:modified_time\" content=\"2024-06-25T10:59:04+00:00\" \/>\n<meta name=\"twitter:card\" content=\"summary_large_image\" \/>\n<meta name=\"twitter:label1\" content=\"Dur\u00e9e de lecture estim\u00e9e\" \/>\n\t<meta name=\"twitter:data1\" content=\"1 minute\" \/>\n<script type=\"application\/ld+json\" class=\"yoast-schema-graph\">{\"@context\":\"https:\/\/schema.org\",\"@graph\":[{\"@type\":\"WebPage\",\"@id\":\"https:\/\/demo.labussolahotel.it\/fr\/contact\/\",\"url\":\"https:\/\/demo.labussolahotel.it\/fr\/contact\/\",\"name\":\"Contact - La Bussola Hotel DEMO\",\"isPartOf\":{\"@id\":\"https:\/\/demo.labussolahotel.it\/#website\"},\"datePublished\":\"2024-03-05T11:49:44+00:00\",\"dateModified\":\"2024-06-25T10:59:04+00:00\",\"breadcrumb\":{\"@id\":\"https:\/\/demo.labussolahotel.it\/fr\/contact\/#breadcrumb\"},\"inLanguage\":\"fr-FR\",\"potentialAction\":[{\"@type\":\"ReadAction\",\"target\":[\"https:\/\/demo.labussolahotel.it\/fr\/contact\/\"]}]},{\"@type\":\"BreadcrumbList\",\"@id\":\"https:\/\/demo.labussolahotel.it\/fr\/contact\/#breadcrumb\",\"itemListElement\":[{\"@type\":\"ListItem\",\"position\":1,\"name\":\"Home\",\"item\":\"https:\/\/demo.labussolahotel.it\/\"},{\"@type\":\"ListItem\",\"position\":2,\"name\":\"Contact\"}]},{\"@type\":\"WebSite\",\"@id\":\"https:\/\/demo.labussolahotel.it\/#website\",\"url\":\"https:\/\/demo.labussolahotel.it\/\",\"name\":\"La Bussola Hotel DEMO\",\"description\":\"\",\"publisher\":{\"@id\":\"https:\/\/demo.labussolahotel.it\/#organization\"},\"potentialAction\":[{\"@type\":\"SearchAction\",\"target\":{\"@type\":\"EntryPoint\",\"urlTemplate\":\"https:\/\/demo.labussolahotel.it\/?s={search_term_string}\"},\"query-input\":{\"@type\":\"PropertyValueSpecification\",\"valueRequired\":true,\"valueName\":\"search_term_string\"}}],\"inLanguage\":\"fr-FR\"},{\"@type\":\"Organization\",\"@id\":\"https:\/\/demo.labussolahotel.it\/#organization\",\"name\":\"La Bussola Hotel DEMO\",\"url\":\"https:\/\/demo.labussolahotel.it\/\",\"logo\":{\"@type\":\"ImageObject\",\"inLanguage\":\"fr-FR\",\"@id\":\"https:\/\/demo.labussolahotel.it\/#\/schema\/logo\/image\/\",\"url\":\"https:\/\/demo.labussolahotel.it\/wp-content\/uploads\/2024\/05\/logo-hotel-labussola.png\",\"contentUrl\":\"https:\/\/demo.labussolahotel.it\/wp-content\/uploads\/2024\/05\/logo-hotel-labussola.png\",\"width\":841,\"height\":350,\"caption\":\"La Bussola Hotel DEMO\"},\"image\":{\"@id\":\"https:\/\/demo.labussolahotel.it\/#\/schema\/logo\/image\/\"}}]}<\/script>\n<!-- \/ Yoast SEO plugin. -->","yoast_head_json":{"title":"Contact - La Bussola Hotel DEMO","robots":{"index":"index","follow":"follow","max-snippet":"max-snippet:-1","max-image-preview":"max-image-preview:large","max-video-preview":"max-video-preview:-1"},"canonical":"https:\/\/demo.labussolahotel.it\/fr\/contact\/","og_locale":"fr_FR","og_type":"article","og_title":"Contact - La Bussola Hotel DEMO","og_url":"https:\/\/demo.labussolahotel.it\/fr\/contact\/","og_site_name":"La Bussola Hotel DEMO","article_modified_time":"2024-06-25T10:59:04+00:00","twitter_card":"summary_large_image","twitter_misc":{"Dur\u00e9e de lecture estim\u00e9e":"1 minute"},"schema":{"@context":"https:\/\/schema.org","@graph":[{"@type":"WebPage","@id":"https:\/\/demo.labussolahotel.it\/fr\/contact\/","url":"https:\/\/demo.labussolahotel.it\/fr\/contact\/","name":"Contact - La Bussola Hotel DEMO","isPartOf":{"@id":"https:\/\/demo.labussolahotel.it\/#website"},"datePublished":"2024-03-05T11:49:44+00:00","dateModified":"2024-06-25T10:59:04+00:00","breadcrumb":{"@id":"https:\/\/demo.labussolahotel.it\/fr\/contact\/#breadcrumb"},"inLanguage":"fr-FR","potentialAction":[{"@type":"ReadAction","target":["https:\/\/demo.labussolahotel.it\/fr\/contact\/"]}]},{"@type":"BreadcrumbList","@id":"https:\/\/demo.labussolahotel.it\/fr\/contact\/#breadcrumb","itemListElement":[{"@type":"ListItem","position":1,"name":"Home","item":"https:\/\/demo.labussolahotel.it\/"},{"@type":"ListItem","position":2,"name":"Contact"}]},{"@type":"WebSite","@id":"https:\/\/demo.labussolahotel.it\/#website","url":"https:\/\/demo.labussolahotel.it\/","name":"La Bussola Hotel DEMO","description":"","publisher":{"@id":"https:\/\/demo.labussolahotel.it\/#organization"},"potentialAction":[{"@type":"SearchAction","target":{"@type":"EntryPoint","urlTemplate":"https:\/\/demo.labussolahotel.it\/?s={search_term_string}"},"query-input":{"@type":"PropertyValueSpecification","valueRequired":true,"valueName":"search_term_string"}}],"inLanguage":"fr-FR"},{"@type":"Organization","@id":"https:\/\/demo.labussolahotel.it\/#organization","name":"La Bussola Hotel DEMO","url":"https:\/\/demo.labussolahotel.it\/","logo":{"@type":"ImageObject","inLanguage":"fr-FR","@id":"https:\/\/demo.labussolahotel.it\/#\/schema\/logo\/image\/","url":"https:\/\/demo.labussolahotel.it\/wp-content\/uploads\/2024\/05\/logo-hotel-labussola.png","contentUrl":"https:\/\/demo.labussolahotel.it\/wp-content\/uploads\/2024\/05\/logo-hotel-labussola.png","width":841,"height":350,"caption":"La Bussola Hotel DEMO"},"image":{"@id":"https:\/\/demo.labussolahotel.it\/#\/schema\/logo\/image\/"}}]}},"_links":{"self":[{"href":"https:\/\/demo.labussolahotel.it\/fr\/wp-json\/wp\/v2\/pages\/3472"}],"collection":[{"href":"https:\/\/demo.labussolahotel.it\/fr\/wp-json\/wp\/v2\/pages"}],"about":[{"href":"https:\/\/demo.labussolahotel.it\/fr\/wp-json\/wp\/v2\/types\/page"}],"author":[{"embeddable":true,"href":"https:\/\/demo.labussolahotel.it\/fr\/wp-json\/wp\/v2\/users\/1"}],"replies":[{"embeddable":true,"href":"https:\/\/demo.labussolahotel.it\/fr\/wp-json\/wp\/v2\/comments?post=3472"}],"version-history":[{"count":2,"href":"https:\/\/demo.labussolahotel.it\/fr\/wp-json\/wp\/v2\/pages\/3472\/revisions"}],"predecessor-version":[{"id":3513,"href":"https:\/\/demo.labussolahotel.it\/fr\/wp-json\/wp\/v2\/pages\/3472\/revisions\/3513"}],"wp:attachment":[{"href":"https:\/\/demo.labussolahotel.it\/fr\/wp-json\/wp\/v2\/media?parent=3472"}],"curies":[{"name":"wp","href":"https:\/\/api.w.org\/{rel}","templated":true}]}}