{"id":3602,"date":"2024-03-04T11:56:03","date_gmt":"2024-03-04T11:56:03","guid":{"rendered":"https:\/\/demo.labussolahotel.it\/notre-hotel\/"},"modified":"2024-06-27T04:52:06","modified_gmt":"2024-06-27T04:52:06","slug":"notre-hotel","status":"publish","type":"page","link":"https:\/\/demo.labussolahotel.it\/fr\/notre-hotel\/","title":{"rendered":"Notre h\u00f4tel"},"content":{"rendered":"\t\t<div data-elementor-type=\"wp-page\" data-elementor-id=\"3602\" class=\"elementor elementor-3602 elementor-789\">\n\t\t\t\t\t\t<section class=\"elementor-section elementor-top-section elementor-element elementor-element-9d11e26 elementor-section-full_width elementor-section-height-default elementor-section-height-default\" data-id=\"9d11e26\" data-element_type=\"section\" data-e-type=\"section\">\n\t\t\t\t\t\t<div class=\"elementor-container elementor-column-gap-extended\">\n\t\t\t\t\t<div class=\"elementor-column elementor-col-100 elementor-top-column elementor-element elementor-element-7ecac50\" data-id=\"7ecac50\" data-element_type=\"column\" data-e-type=\"column\">\n\t\t\t<div class=\"elementor-widget-wrap elementor-element-populated\">\n\t\t\t\t\t\t<div class=\"elementor-element elementor-element-165eecb elementor-widget elementor-widget-image\" data-id=\"165eecb\" data-element_type=\"widget\" data-e-type=\"widget\" data-widget_type=\"image.default\">\n\t\t\t\t<div class=\"elementor-widget-container\">\n\t\t\t\t\t\t\t\t\t\t\t\t\t\t\t<img decoding=\"async\" width=\"209\" height=\"45\" src=\"https:\/\/demo.labussolahotel.it\/wp-content\/uploads\/2023\/04\/divider_01.svg\" class=\"attachment-full size-full wp-image-115\" alt=\"\" \/>\t\t\t\t\t\t\t\t\t\t\t\t\t\t\t<\/div>\n\t\t\t\t<\/div>\n\t\t\t\t<div class=\"elementor-element elementor-element-d753c0c elementor-widget elementor-widget-spacer\" data-id=\"d753c0c\" data-element_type=\"widget\" data-e-type=\"widget\" data-widget_type=\"spacer.default\">\n\t\t\t\t<div class=\"elementor-widget-container\">\n\t\t\t\t\t\t\t<div class=\"elementor-spacer\">\n\t\t\t<div class=\"elementor-spacer-inner\"><\/div>\n\t\t<\/div>\n\t\t\t\t\t\t<\/div>\n\t\t\t\t<\/div>\n\t\t\t\t<div class=\"elementor-element elementor-element-0cff3f5 elementor-widget elementor-widget-heading\" data-id=\"0cff3f5\" data-element_type=\"widget\" data-e-type=\"widget\" data-widget_type=\"heading.default\">\n\t\t\t\t<div class=\"elementor-widget-container\">\n\t\t\t\t\t<h2 class=\"elementor-heading-title elementor-size-default\">Passion et d\u00e9vouement pour l'hospitalit\u00e9 dans un cadre privil\u00e9gi\u00e9<\/h2>\t\t\t\t<\/div>\n\t\t\t\t<\/div>\n\t\t\t\t<div class=\"elementor-element elementor-element-9b54ab4 elementor-widget-divider--view-line elementor-widget elementor-widget-divider\" data-id=\"9b54ab4\" data-element_type=\"widget\" data-e-type=\"widget\" data-widget_type=\"divider.default\">\n\t\t\t\t<div class=\"elementor-widget-container\">\n\t\t\t\t\t\t\t<div class=\"elementor-divider\">\n\t\t\t<span class=\"elementor-divider-separator\">\n\t\t\t\t\t\t<\/span>\n\t\t<\/div>\n\t\t\t\t\t\t<\/div>\n\t\t\t\t<\/div>\n\t\t\t\t<div class=\"elementor-element elementor-element-a0d5368 elementor-widget elementor-widget-spacer\" data-id=\"a0d5368\" data-element_type=\"widget\" data-e-type=\"widget\" data-widget_type=\"spacer.default\">\n\t\t\t\t<div class=\"elementor-widget-container\">\n\t\t\t\t\t\t\t<div class=\"elementor-spacer\">\n\t\t\t<div class=\"elementor-spacer-inner\"><\/div>\n\t\t<\/div>\n\t\t\t\t\t\t<\/div>\n\t\t\t\t<\/div>\n\t\t\t\t\t<\/div>\n\t\t<\/div>\n\t\t\t\t\t<\/div>\n\t\t<\/section>\n\t\t\t\t<section class=\"elementor-section elementor-top-section elementor-element elementor-element-66deae9 elementor-section-full_width elementor-section-height-default elementor-section-height-default\" data-id=\"66deae9\" data-element_type=\"section\" data-e-type=\"section\">\n\t\t\t\t\t\t<div class=\"elementor-container elementor-column-gap-extended\">\n\t\t\t\t\t<div class=\"elementor-column elementor-col-100 elementor-top-column elementor-element elementor-element-ac1fd4d\" data-id=\"ac1fd4d\" data-element_type=\"column\" data-e-type=\"column\">\n\t\t\t<div class=\"elementor-widget-wrap elementor-element-populated\">\n\t\t\t\t\t\t<div class=\"elementor-element elementor-element-706c934 elementor-widget elementor-widget-spacer\" data-id=\"706c934\" data-element_type=\"widget\" data-e-type=\"widget\" data-widget_type=\"spacer.default\">\n\t\t\t\t<div class=\"elementor-widget-container\">\n\t\t\t\t\t\t\t<div class=\"elementor-spacer\">\n\t\t\t<div class=\"elementor-spacer-inner\"><\/div>\n\t\t<\/div>\n\t\t\t\t\t\t<\/div>\n\t\t\t\t<\/div>\n\t\t\t\t<div class=\"elementor-element elementor-element-c4f698f elementor-widget elementor-widget-text-editor\" data-id=\"c4f698f\" data-element_type=\"widget\" data-e-type=\"widget\" data-widget_type=\"text-editor.default\">\n\t\t\t\t<div class=\"elementor-widget-container\">\n\t\t\t\t\t\t\t\t\t<p>L&#8217;h\u00f4tel La Bussola \u00e0 Amalfi est le r\u00e9sultat d&#8217;une restauration minutieuse d&#8217;une ancienne usine de p\u00e2tes datant du d\u00e9but des ann\u00e9es 1900 et construite en bord de mer, dont il conserve toutes les structures porteuses avec de grands murs en tuf et de grands m\u00e8tres cubes, cr\u00e9ant ainsi des chambres avec de hauts plafonds et beaucoup de lumi\u00e8re naturelle.<br \/>Il a ouvert ses portes en 1963 en tant qu&#8217;h\u00f4tel familial, g\u00e9r\u00e9 avec passion et d\u00e9vouement par la famille Di Lieto-Bergamasco. Il est nomm\u00e9 \u00e0 la fois en m\u00e9moire de nos anc\u00eatres qui ont introduit l&#8217;instrument de la boussole en Europe, et en raison de notre vocation \u00e0 prendre soin de nos h\u00f4tes et \u00e0 les guider.<\/p>\n\t\t\t\t\t\t\t\t<\/div>\n\t\t\t\t<\/div>\n\t\t\t\t<div class=\"elementor-element elementor-element-5dfb7f2 elementor-widget elementor-widget-spacer\" data-id=\"5dfb7f2\" data-element_type=\"widget\" data-e-type=\"widget\" data-widget_type=\"spacer.default\">\n\t\t\t\t<div class=\"elementor-widget-container\">\n\t\t\t\t\t\t\t<div class=\"elementor-spacer\">\n\t\t\t<div class=\"elementor-spacer-inner\"><\/div>\n\t\t<\/div>\n\t\t\t\t\t\t<\/div>\n\t\t\t\t<\/div>\n\t\t\t\t\t<\/div>\n\t\t<\/div>\n\t\t\t\t\t<\/div>\n\t\t<\/section>\n\t\t\t\t<section class=\"elementor-section elementor-top-section elementor-element elementor-element-8ffc868 elementor-section-full_width elementor-section-height-default elementor-section-height-default\" data-id=\"8ffc868\" data-element_type=\"section\" data-e-type=\"section\">\n\t\t\t\t\t\t<div class=\"elementor-container elementor-column-gap-extended\">\n\t\t\t\t\t<div class=\"elementor-column elementor-col-100 elementor-top-column elementor-element elementor-element-6a956e0\" data-id=\"6a956e0\" data-element_type=\"column\" data-e-type=\"column\">\n\t\t\t<div class=\"elementor-widget-wrap elementor-element-populated\">\n\t\t\t\t\t\t<div class=\"elementor-element elementor-element-32f8c1d elementor-widget elementor-widget-spacer\" data-id=\"32f8c1d\" data-element_type=\"widget\" data-e-type=\"widget\" data-widget_type=\"spacer.default\">\n\t\t\t\t<div class=\"elementor-widget-container\">\n\t\t\t\t\t\t\t<div class=\"elementor-spacer\">\n\t\t\t<div class=\"elementor-spacer-inner\"><\/div>\n\t\t<\/div>\n\t\t\t\t\t\t<\/div>\n\t\t\t\t<\/div>\n\t\t\t\t<div class=\"elementor-element elementor-element-30b3aff gallery-spacing-custom elementor-widget elementor-widget-image-gallery\" data-id=\"30b3aff\" data-element_type=\"widget\" data-e-type=\"widget\" data-widget_type=\"image-gallery.default\">\n\t\t\t\t<div class=\"elementor-widget-container\">\n\t\t\t\t\t\t\t<div class=\"elementor-image-gallery\">\n\t\t\t<div id='gallery-1' class='gallery galleryid-3602 gallery-columns-3 gallery-size-large'><figure class='gallery-item'>\n\t\t\t<div class='gallery-icon portrait'>\n\t\t\t\t<a data-elementor-open-lightbox=\"no\" href='https:\/\/demo.labussolahotel.it\/wp-content\/uploads\/2024\/05\/Hotel-La-Bussola-Amalfi-anno-1946.jpg' data-lightbox=\"gal[3602]\"><img fetchpriority=\"high\" decoding=\"async\" width=\"683\" height=\"1024\" src=\"https:\/\/demo.labussolahotel.it\/wp-content\/uploads\/2024\/05\/Hotel-La-Bussola-Amalfi-anno-1946-683x1024.jpg\" class=\"attachment-large size-large\" alt=\"\" srcset=\"https:\/\/demo.labussolahotel.it\/wp-content\/uploads\/2024\/05\/Hotel-La-Bussola-Amalfi-anno-1946-683x1024.jpg 683w, https:\/\/demo.labussolahotel.it\/wp-content\/uploads\/2024\/05\/Hotel-La-Bussola-Amalfi-anno-1946-200x300.jpg 200w, https:\/\/demo.labussolahotel.it\/wp-content\/uploads\/2024\/05\/Hotel-La-Bussola-Amalfi-anno-1946-768x1152.jpg 768w, https:\/\/demo.labussolahotel.it\/wp-content\/uploads\/2024\/05\/Hotel-La-Bussola-Amalfi-anno-1946-1024x1536.jpg 1024w, https:\/\/demo.labussolahotel.it\/wp-content\/uploads\/2024\/05\/Hotel-La-Bussola-Amalfi-anno-1946.jpg 1280w\" sizes=\"(max-width: 683px) 100vw, 683px\" \/><\/a>\n\t\t\t<\/div><\/figure><figure class='gallery-item'>\n\t\t\t<div class='gallery-icon portrait'>\n\t\t\t\t<a data-elementor-open-lightbox=\"no\" href='https:\/\/demo.labussolahotel.it\/wp-content\/uploads\/2024\/03\/Hotel-La-Bussola-Amalfi-famiglia.jpg' data-lightbox=\"gal[3602]\"><img decoding=\"async\" width=\"683\" height=\"1024\" src=\"https:\/\/demo.labussolahotel.it\/wp-content\/uploads\/2024\/03\/Hotel-La-Bussola-Amalfi-famiglia-683x1024.jpg\" class=\"attachment-large size-large\" alt=\"\" srcset=\"https:\/\/demo.labussolahotel.it\/wp-content\/uploads\/2024\/03\/Hotel-La-Bussola-Amalfi-famiglia-683x1024.jpg 683w, https:\/\/demo.labussolahotel.it\/wp-content\/uploads\/2024\/03\/Hotel-La-Bussola-Amalfi-famiglia-200x300.jpg 200w, https:\/\/demo.labussolahotel.it\/wp-content\/uploads\/2024\/03\/Hotel-La-Bussola-Amalfi-famiglia-768x1152.jpg 768w, https:\/\/demo.labussolahotel.it\/wp-content\/uploads\/2024\/03\/Hotel-La-Bussola-Amalfi-famiglia-1024x1536.jpg 1024w, https:\/\/demo.labussolahotel.it\/wp-content\/uploads\/2024\/03\/Hotel-La-Bussola-Amalfi-famiglia.jpg 1280w\" sizes=\"(max-width: 683px) 100vw, 683px\" \/><\/a>\n\t\t\t<\/div><\/figure><figure class='gallery-item'>\n\t\t\t<div class='gallery-icon portrait'>\n\t\t\t\t<a data-elementor-open-lightbox=\"no\" href='https:\/\/demo.labussolahotel.it\/wp-content\/uploads\/2024\/03\/Hotel-La-Bussola-Amalfi-0163.jpg' data-lightbox=\"gal[3602]\"><img loading=\"lazy\" decoding=\"async\" width=\"683\" height=\"1024\" src=\"https:\/\/demo.labussolahotel.it\/wp-content\/uploads\/2024\/03\/Hotel-La-Bussola-Amalfi-0163-683x1024.jpg\" class=\"attachment-large size-large\" alt=\"\" srcset=\"https:\/\/demo.labussolahotel.it\/wp-content\/uploads\/2024\/03\/Hotel-La-Bussola-Amalfi-0163-683x1024.jpg 683w, https:\/\/demo.labussolahotel.it\/wp-content\/uploads\/2024\/03\/Hotel-La-Bussola-Amalfi-0163-200x300.jpg 200w, https:\/\/demo.labussolahotel.it\/wp-content\/uploads\/2024\/03\/Hotel-La-Bussola-Amalfi-0163-768x1152.jpg 768w, https:\/\/demo.labussolahotel.it\/wp-content\/uploads\/2024\/03\/Hotel-La-Bussola-Amalfi-0163-1024x1536.jpg 1024w, https:\/\/demo.labussolahotel.it\/wp-content\/uploads\/2024\/03\/Hotel-La-Bussola-Amalfi-0163.jpg 1280w\" sizes=\"(max-width: 683px) 100vw, 683px\" \/><\/a>\n\t\t\t<\/div><\/figure>\n\t\t<\/div>\n\t\t<\/div>\n\t\t\t\t\t\t<\/div>\n\t\t\t\t<\/div>\n\t\t\t\t<div class=\"elementor-element elementor-element-4f9cd17 elementor-widget elementor-widget-spacer\" data-id=\"4f9cd17\" data-element_type=\"widget\" data-e-type=\"widget\" data-widget_type=\"spacer.default\">\n\t\t\t\t<div class=\"elementor-widget-container\">\n\t\t\t\t\t\t\t<div class=\"elementor-spacer\">\n\t\t\t<div class=\"elementor-spacer-inner\"><\/div>\n\t\t<\/div>\n\t\t\t\t\t\t<\/div>\n\t\t\t\t<\/div>\n\t\t\t\t<div class=\"elementor-element elementor-element-83be03c elementor-widget elementor-widget-text-editor\" data-id=\"83be03c\" data-element_type=\"widget\" data-e-type=\"widget\" data-widget_type=\"text-editor.default\">\n\t\t\t\t<div class=\"elementor-widget-container\">\n\t\t\t\t\t\t\t\t\t<p>Notre mission est de fournir une exp\u00e9rience relaxante et accueillante qui peut \u00eatre un foyer et une famille pour tous les voyageurs loin de chez eux. Notre h\u00f4tel se veut un lieu de rencontre, de r\u00e9union et de r\u00e9alisation des r\u00eaves, et c&#8217;est gr\u00e2ce \u00e0 nos clients que nous r\u00e9alisons nos vies.<\/p>\n<p>Le b\u00e2timent se trouve sur le front de mer, \u00e0 quelques pas de la mer et \u00e0 une centaine de m\u00e8tres de l&#8217;embarcad\u00e8re touristique, de la gare routi\u00e8re et de la place de la cath\u00e9drale. Gr\u00e2ce \u00e0 sa situation centrale, l&#8217;h\u00f4tel est une solution pratique et confortable pour profiter pleinement de la c\u00f4te amalfitaine, d\u00e9clar\u00e9e site du patrimoine mondial de l&#8217;UNESCO.<\/p>\n\t\t\t\t\t\t\t\t<\/div>\n\t\t\t\t<\/div>\n\t\t\t\t<div class=\"elementor-element elementor-element-8c362fe elementor-widget-divider--view-line elementor-widget elementor-widget-divider\" data-id=\"8c362fe\" data-element_type=\"widget\" data-e-type=\"widget\" data-widget_type=\"divider.default\">\n\t\t\t\t<div class=\"elementor-widget-container\">\n\t\t\t\t\t\t\t<div class=\"elementor-divider\">\n\t\t\t<span class=\"elementor-divider-separator\">\n\t\t\t\t\t\t<\/span>\n\t\t<\/div>\n\t\t\t\t\t\t<\/div>\n\t\t\t\t<\/div>\n\t\t\t\t<div class=\"elementor-element elementor-element-188ac2c elementor-widget elementor-widget-spacer\" data-id=\"188ac2c\" data-element_type=\"widget\" data-e-type=\"widget\" data-widget_type=\"spacer.default\">\n\t\t\t\t<div class=\"elementor-widget-container\">\n\t\t\t\t\t\t\t<div class=\"elementor-spacer\">\n\t\t\t<div class=\"elementor-spacer-inner\"><\/div>\n\t\t<\/div>\n\t\t\t\t\t\t<\/div>\n\t\t\t\t<\/div>\n\t\t\t\t<div class=\"elementor-element elementor-element-947fea8 elementor-align-center elementor-widget elementor-widget-button\" data-id=\"947fea8\" data-element_type=\"widget\" data-e-type=\"widget\" data-widget_type=\"button.default\">\n\t\t\t\t<div class=\"elementor-widget-container\">\n\t\t\t\t\t\t\t\t\t<div class=\"elementor-button-wrapper\">\n\t\t\t\t\t<a class=\"elementor-button elementor-button-link elementor-size-sm\" href=\"https:\/\/demo.labussolahotel.it\/fr\/ou-nous-sommes\/\">\n\t\t\t\t\t\t<span class=\"elementor-button-content-wrapper\">\n\t\t\t\t\t\t\t\t\t<span class=\"elementor-button-text\">O\u00f9 nous sommes<\/span>\n\t\t\t\t\t<\/span>\n\t\t\t\t\t<\/a>\n\t\t\t\t<\/div>\n\t\t\t\t\t\t\t\t<\/div>\n\t\t\t\t<\/div>\n\t\t\t\t<div class=\"elementor-element elementor-element-9a8f00f elementor-widget elementor-widget-spacer\" data-id=\"9a8f00f\" data-element_type=\"widget\" data-e-type=\"widget\" data-widget_type=\"spacer.default\">\n\t\t\t\t<div class=\"elementor-widget-container\">\n\t\t\t\t\t\t\t<div class=\"elementor-spacer\">\n\t\t\t<div class=\"elementor-spacer-inner\"><\/div>\n\t\t<\/div>\n\t\t\t\t\t\t<\/div>\n\t\t\t\t<\/div>\n\t\t\t\t<div class=\"elementor-element elementor-element-56e839e elementor-widget elementor-widget-spacer\" data-id=\"56e839e\" data-element_type=\"widget\" data-e-type=\"widget\" data-widget_type=\"spacer.default\">\n\t\t\t\t<div class=\"elementor-widget-container\">\n\t\t\t\t\t\t\t<div class=\"elementor-spacer\">\n\t\t\t<div class=\"elementor-spacer-inner\"><\/div>\n\t\t<\/div>\n\t\t\t\t\t\t<\/div>\n\t\t\t\t<\/div>\n\t\t\t\t<div class=\"elementor-element elementor-element-a9d9707 elementor-widget elementor-widget-spacer\" data-id=\"a9d9707\" data-element_type=\"widget\" data-e-type=\"widget\" data-widget_type=\"spacer.default\">\n\t\t\t\t<div class=\"elementor-widget-container\">\n\t\t\t\t\t\t\t<div class=\"elementor-spacer\">\n\t\t\t<div class=\"elementor-spacer-inner\"><\/div>\n\t\t<\/div>\n\t\t\t\t\t\t<\/div>\n\t\t\t\t<\/div>\n\t\t\t\t<div class=\"elementor-element elementor-element-c050a9a elementor-widget elementor-widget-spacer\" data-id=\"c050a9a\" data-element_type=\"widget\" data-e-type=\"widget\" data-widget_type=\"spacer.default\">\n\t\t\t\t<div class=\"elementor-widget-container\">\n\t\t\t\t\t\t\t<div class=\"elementor-spacer\">\n\t\t\t<div class=\"elementor-spacer-inner\"><\/div>\n\t\t<\/div>\n\t\t\t\t\t\t<\/div>\n\t\t\t\t<\/div>\n\t\t\t\t\t<\/div>\n\t\t<\/div>\n\t\t\t\t\t<\/div>\n\t\t<\/section>\n\t\t\t\t<\/div>\n\t\t","protected":false},"excerpt":{"rendered":"<p>Passion et d\u00e9vouement pour l&#8217;hospitalit\u00e9 dans un cadre privil\u00e9gi\u00e9 L&#8217;h\u00f4tel La Bussola \u00e0 Amalfi est le r\u00e9sultat d&#8217;une restauration minutieuse d&#8217;une ancienne usine de p\u00e2tes datant du d\u00e9but des ann\u00e9es 1900 et construite en bord [&hellip;]<\/p>\n","protected":false},"author":1,"featured_media":3499,"parent":0,"menu_order":0,"comment_status":"closed","ping_status":"closed","template":"templates\/template-fullwidth-boxed.php","meta":{"inline_featured_image":false,"footnotes":""},"class_list":["post-3602","page","type-page","status-publish","has-post-thumbnail","hentry"],"yoast_head":"<!-- This site is optimized with the Yoast SEO plugin v25.6 - https:\/\/yoast.com\/wordpress\/plugins\/seo\/ -->\n<title>Notre h\u00f4tel - La Bussola Hotel DEMO<\/title>\n<meta name=\"robots\" content=\"index, follow, max-snippet:-1, max-image-preview:large, max-video-preview:-1\" \/>\n<link rel=\"canonical\" href=\"https:\/\/demo.labussolahotel.it\/fr\/notre-hotel\/\" \/>\n<meta property=\"og:locale\" content=\"fr_FR\" \/>\n<meta property=\"og:type\" content=\"article\" \/>\n<meta property=\"og:title\" content=\"Notre h\u00f4tel - La Bussola Hotel DEMO\" \/>\n<meta property=\"og:description\" content=\"Passion et d\u00e9vouement pour l&#8217;hospitalit\u00e9 dans un cadre privil\u00e9gi\u00e9 L&#8217;h\u00f4tel La Bussola \u00e0 Amalfi est le r\u00e9sultat d&#8217;une restauration minutieuse d&#8217;une ancienne usine de p\u00e2tes datant du d\u00e9but des ann\u00e9es 1900 et construite en bord [&hellip;]\" \/>\n<meta property=\"og:url\" content=\"https:\/\/demo.labussolahotel.it\/fr\/notre-hotel\/\" \/>\n<meta property=\"og:site_name\" content=\"La Bussola Hotel DEMO\" \/>\n<meta property=\"article:modified_time\" content=\"2024-06-27T04:52:06+00:00\" \/>\n<meta property=\"og:image\" content=\"https:\/\/demo.labussolahotel.it\/wp-content\/uploads\/2024\/03\/Hotel-La-Bussola-Amalfi-skyview.webp\" \/>\n\t<meta property=\"og:image:width\" content=\"2003\" \/>\n\t<meta property=\"og:image:height\" content=\"1480\" \/>\n\t<meta property=\"og:image:type\" content=\"image\/webp\" \/>\n<meta name=\"twitter:card\" content=\"summary_large_image\" \/>\n<meta name=\"twitter:label1\" content=\"Dur\u00e9e de lecture estim\u00e9e\" \/>\n\t<meta name=\"twitter:data1\" content=\"1 minute\" \/>\n<script type=\"application\/ld+json\" class=\"yoast-schema-graph\">{\"@context\":\"https:\/\/schema.org\",\"@graph\":[{\"@type\":\"WebPage\",\"@id\":\"https:\/\/demo.labussolahotel.it\/fr\/notre-hotel\/\",\"url\":\"https:\/\/demo.labussolahotel.it\/fr\/notre-hotel\/\",\"name\":\"Notre h\u00f4tel - La Bussola Hotel DEMO\",\"isPartOf\":{\"@id\":\"https:\/\/demo.labussolahotel.it\/#website\"},\"primaryImageOfPage\":{\"@id\":\"https:\/\/demo.labussolahotel.it\/fr\/notre-hotel\/#primaryimage\"},\"image\":{\"@id\":\"https:\/\/demo.labussolahotel.it\/fr\/notre-hotel\/#primaryimage\"},\"thumbnailUrl\":\"https:\/\/demo.labussolahotel.it\/wp-content\/uploads\/2024\/03\/Hotel-La-Bussola-Amalfi-skyview.webp\",\"datePublished\":\"2024-03-04T11:56:03+00:00\",\"dateModified\":\"2024-06-27T04:52:06+00:00\",\"breadcrumb\":{\"@id\":\"https:\/\/demo.labussolahotel.it\/fr\/notre-hotel\/#breadcrumb\"},\"inLanguage\":\"fr-FR\",\"potentialAction\":[{\"@type\":\"ReadAction\",\"target\":[\"https:\/\/demo.labussolahotel.it\/fr\/notre-hotel\/\"]}]},{\"@type\":\"ImageObject\",\"inLanguage\":\"fr-FR\",\"@id\":\"https:\/\/demo.labussolahotel.it\/fr\/notre-hotel\/#primaryimage\",\"url\":\"https:\/\/demo.labussolahotel.it\/wp-content\/uploads\/2024\/03\/Hotel-La-Bussola-Amalfi-skyview.webp\",\"contentUrl\":\"https:\/\/demo.labussolahotel.it\/wp-content\/uploads\/2024\/03\/Hotel-La-Bussola-Amalfi-skyview.webp\",\"width\":2003,\"height\":1480},{\"@type\":\"BreadcrumbList\",\"@id\":\"https:\/\/demo.labussolahotel.it\/fr\/notre-hotel\/#breadcrumb\",\"itemListElement\":[{\"@type\":\"ListItem\",\"position\":1,\"name\":\"Home\",\"item\":\"https:\/\/demo.labussolahotel.it\/\"},{\"@type\":\"ListItem\",\"position\":2,\"name\":\"Notre h\u00f4tel\"}]},{\"@type\":\"WebSite\",\"@id\":\"https:\/\/demo.labussolahotel.it\/#website\",\"url\":\"https:\/\/demo.labussolahotel.it\/\",\"name\":\"La Bussola Hotel DEMO\",\"description\":\"\",\"publisher\":{\"@id\":\"https:\/\/demo.labussolahotel.it\/#organization\"},\"potentialAction\":[{\"@type\":\"SearchAction\",\"target\":{\"@type\":\"EntryPoint\",\"urlTemplate\":\"https:\/\/demo.labussolahotel.it\/?s={search_term_string}\"},\"query-input\":{\"@type\":\"PropertyValueSpecification\",\"valueRequired\":true,\"valueName\":\"search_term_string\"}}],\"inLanguage\":\"fr-FR\"},{\"@type\":\"Organization\",\"@id\":\"https:\/\/demo.labussolahotel.it\/#organization\",\"name\":\"La Bussola Hotel DEMO\",\"url\":\"https:\/\/demo.labussolahotel.it\/\",\"logo\":{\"@type\":\"ImageObject\",\"inLanguage\":\"fr-FR\",\"@id\":\"https:\/\/demo.labussolahotel.it\/#\/schema\/logo\/image\/\",\"url\":\"https:\/\/demo.labussolahotel.it\/wp-content\/uploads\/2024\/05\/logo-hotel-labussola.png\",\"contentUrl\":\"https:\/\/demo.labussolahotel.it\/wp-content\/uploads\/2024\/05\/logo-hotel-labussola.png\",\"width\":841,\"height\":350,\"caption\":\"La Bussola Hotel DEMO\"},\"image\":{\"@id\":\"https:\/\/demo.labussolahotel.it\/#\/schema\/logo\/image\/\"}}]}<\/script>\n<!-- \/ Yoast SEO plugin. -->","yoast_head_json":{"title":"Notre h\u00f4tel - La Bussola Hotel DEMO","robots":{"index":"index","follow":"follow","max-snippet":"max-snippet:-1","max-image-preview":"max-image-preview:large","max-video-preview":"max-video-preview:-1"},"canonical":"https:\/\/demo.labussolahotel.it\/fr\/notre-hotel\/","og_locale":"fr_FR","og_type":"article","og_title":"Notre h\u00f4tel - La Bussola Hotel DEMO","og_description":"Passion et d\u00e9vouement pour l&#8217;hospitalit\u00e9 dans un cadre privil\u00e9gi\u00e9 L&#8217;h\u00f4tel La Bussola \u00e0 Amalfi est le r\u00e9sultat d&#8217;une restauration minutieuse d&#8217;une ancienne usine de p\u00e2tes datant du d\u00e9but des ann\u00e9es 1900 et construite en bord [&hellip;]","og_url":"https:\/\/demo.labussolahotel.it\/fr\/notre-hotel\/","og_site_name":"La Bussola Hotel DEMO","article_modified_time":"2024-06-27T04:52:06+00:00","og_image":[{"width":2003,"height":1480,"url":"https:\/\/demo.labussolahotel.it\/wp-content\/uploads\/2024\/03\/Hotel-La-Bussola-Amalfi-skyview.webp","type":"image\/webp"}],"twitter_card":"summary_large_image","twitter_misc":{"Dur\u00e9e de lecture estim\u00e9e":"1 minute"},"schema":{"@context":"https:\/\/schema.org","@graph":[{"@type":"WebPage","@id":"https:\/\/demo.labussolahotel.it\/fr\/notre-hotel\/","url":"https:\/\/demo.labussolahotel.it\/fr\/notre-hotel\/","name":"Notre h\u00f4tel - La Bussola Hotel DEMO","isPartOf":{"@id":"https:\/\/demo.labussolahotel.it\/#website"},"primaryImageOfPage":{"@id":"https:\/\/demo.labussolahotel.it\/fr\/notre-hotel\/#primaryimage"},"image":{"@id":"https:\/\/demo.labussolahotel.it\/fr\/notre-hotel\/#primaryimage"},"thumbnailUrl":"https:\/\/demo.labussolahotel.it\/wp-content\/uploads\/2024\/03\/Hotel-La-Bussola-Amalfi-skyview.webp","datePublished":"2024-03-04T11:56:03+00:00","dateModified":"2024-06-27T04:52:06+00:00","breadcrumb":{"@id":"https:\/\/demo.labussolahotel.it\/fr\/notre-hotel\/#breadcrumb"},"inLanguage":"fr-FR","potentialAction":[{"@type":"ReadAction","target":["https:\/\/demo.labussolahotel.it\/fr\/notre-hotel\/"]}]},{"@type":"ImageObject","inLanguage":"fr-FR","@id":"https:\/\/demo.labussolahotel.it\/fr\/notre-hotel\/#primaryimage","url":"https:\/\/demo.labussolahotel.it\/wp-content\/uploads\/2024\/03\/Hotel-La-Bussola-Amalfi-skyview.webp","contentUrl":"https:\/\/demo.labussolahotel.it\/wp-content\/uploads\/2024\/03\/Hotel-La-Bussola-Amalfi-skyview.webp","width":2003,"height":1480},{"@type":"BreadcrumbList","@id":"https:\/\/demo.labussolahotel.it\/fr\/notre-hotel\/#breadcrumb","itemListElement":[{"@type":"ListItem","position":1,"name":"Home","item":"https:\/\/demo.labussolahotel.it\/"},{"@type":"ListItem","position":2,"name":"Notre h\u00f4tel"}]},{"@type":"WebSite","@id":"https:\/\/demo.labussolahotel.it\/#website","url":"https:\/\/demo.labussolahotel.it\/","name":"La Bussola Hotel DEMO","description":"","publisher":{"@id":"https:\/\/demo.labussolahotel.it\/#organization"},"potentialAction":[{"@type":"SearchAction","target":{"@type":"EntryPoint","urlTemplate":"https:\/\/demo.labussolahotel.it\/?s={search_term_string}"},"query-input":{"@type":"PropertyValueSpecification","valueRequired":true,"valueName":"search_term_string"}}],"inLanguage":"fr-FR"},{"@type":"Organization","@id":"https:\/\/demo.labussolahotel.it\/#organization","name":"La Bussola Hotel DEMO","url":"https:\/\/demo.labussolahotel.it\/","logo":{"@type":"ImageObject","inLanguage":"fr-FR","@id":"https:\/\/demo.labussolahotel.it\/#\/schema\/logo\/image\/","url":"https:\/\/demo.labussolahotel.it\/wp-content\/uploads\/2024\/05\/logo-hotel-labussola.png","contentUrl":"https:\/\/demo.labussolahotel.it\/wp-content\/uploads\/2024\/05\/logo-hotel-labussola.png","width":841,"height":350,"caption":"La Bussola Hotel DEMO"},"image":{"@id":"https:\/\/demo.labussolahotel.it\/#\/schema\/logo\/image\/"}}]}},"_links":{"self":[{"href":"https:\/\/demo.labussolahotel.it\/fr\/wp-json\/wp\/v2\/pages\/3602"}],"collection":[{"href":"https:\/\/demo.labussolahotel.it\/fr\/wp-json\/wp\/v2\/pages"}],"about":[{"href":"https:\/\/demo.labussolahotel.it\/fr\/wp-json\/wp\/v2\/types\/page"}],"author":[{"embeddable":true,"href":"https:\/\/demo.labussolahotel.it\/fr\/wp-json\/wp\/v2\/users\/1"}],"replies":[{"embeddable":true,"href":"https:\/\/demo.labussolahotel.it\/fr\/wp-json\/wp\/v2\/comments?post=3602"}],"version-history":[{"count":1,"href":"https:\/\/demo.labussolahotel.it\/fr\/wp-json\/wp\/v2\/pages\/3602\/revisions"}],"predecessor-version":[{"id":3604,"href":"https:\/\/demo.labussolahotel.it\/fr\/wp-json\/wp\/v2\/pages\/3602\/revisions\/3604"}],"wp:featuredmedia":[{"embeddable":true,"href":"https:\/\/demo.labussolahotel.it\/fr\/wp-json\/wp\/v2\/media\/3499"}],"wp:attachment":[{"href":"https:\/\/demo.labussolahotel.it\/fr\/wp-json\/wp\/v2\/media?parent=3602"}],"curies":[{"name":"wp","href":"https:\/\/api.w.org\/{rel}","templated":true}]}}