{"id":3611,"date":"2023-04-20T12:27:01","date_gmt":"2023-04-20T12:27:01","guid":{"rendered":"https:\/\/demo.labussolahotel.it\/nos-chambres\/"},"modified":"2024-07-17T16:43:22","modified_gmt":"2024-07-17T16:43:22","slug":"nos-chambres","status":"publish","type":"page","link":"https:\/\/demo.labussolahotel.it\/fr\/nos-chambres\/","title":{"rendered":"Nos chambres"},"content":{"rendered":"\t\t<div data-elementor-type=\"wp-page\" data-elementor-id=\"3611\" class=\"elementor elementor-3611 elementor-549\">\n\t\t\t\t\t\t<section class=\"elementor-section elementor-top-section elementor-element elementor-element-5f61bfc elementor-section-full_width elementor-section-height-default elementor-section-height-default\" data-id=\"5f61bfc\" data-element_type=\"section\" data-e-type=\"section\">\n\t\t\t\t\t\t<div class=\"elementor-container elementor-column-gap-no\">\n\t\t\t\t\t<div class=\"elementor-column elementor-col-100 elementor-top-column elementor-element elementor-element-dcba8f6\" data-id=\"dcba8f6\" data-element_type=\"column\" data-e-type=\"column\">\n\t\t\t<div class=\"elementor-widget-wrap elementor-element-populated\">\n\t\t\t\t\t\t<div class=\"elementor-element elementor-element-f2fd187 elementor-widget elementor-widget-image\" data-id=\"f2fd187\" data-element_type=\"widget\" data-e-type=\"widget\" data-widget_type=\"image.default\">\n\t\t\t\t<div class=\"elementor-widget-container\">\n\t\t\t\t\t\t\t\t\t\t\t\t\t\t\t<img decoding=\"async\" width=\"209\" height=\"45\" src=\"https:\/\/demo.labussolahotel.it\/wp-content\/uploads\/2023\/04\/divider_01.svg\" class=\"attachment-full size-full wp-image-115\" alt=\"\" \/>\t\t\t\t\t\t\t\t\t\t\t\t\t\t\t<\/div>\n\t\t\t\t<\/div>\n\t\t\t\t<div class=\"elementor-element elementor-element-6f59aaa elementor-widget elementor-widget-spacer\" data-id=\"6f59aaa\" data-element_type=\"widget\" data-e-type=\"widget\" data-widget_type=\"spacer.default\">\n\t\t\t\t<div class=\"elementor-widget-container\">\n\t\t\t\t\t\t\t<div class=\"elementor-spacer\">\n\t\t\t<div class=\"elementor-spacer-inner\"><\/div>\n\t\t<\/div>\n\t\t\t\t\t\t<\/div>\n\t\t\t\t<\/div>\n\t\t\t\t<div class=\"elementor-element elementor-element-ff6c0e4 elementor-widget elementor-widget-heading\" data-id=\"ff6c0e4\" data-element_type=\"widget\" data-e-type=\"widget\" data-widget_type=\"heading.default\">\n\t\t\t\t<div class=\"elementor-widget-container\">\n\t\t\t\t\t<h2 class=\"elementor-heading-title elementor-size-default\">Unicit\u00e9 et \u00e9l\u00e9gance<\/h2>\t\t\t\t<\/div>\n\t\t\t\t<\/div>\n\t\t\t\t<div class=\"elementor-element elementor-element-4c8741d elementor-widget-divider--view-line elementor-widget elementor-widget-divider\" data-id=\"4c8741d\" data-element_type=\"widget\" data-e-type=\"widget\" data-widget_type=\"divider.default\">\n\t\t\t\t<div class=\"elementor-widget-container\">\n\t\t\t\t\t\t\t<div class=\"elementor-divider\">\n\t\t\t<span class=\"elementor-divider-separator\">\n\t\t\t\t\t\t<\/span>\n\t\t<\/div>\n\t\t\t\t\t\t<\/div>\n\t\t\t\t<\/div>\n\t\t\t\t<div class=\"elementor-element elementor-element-637e63b elementor-widget elementor-widget-text-editor\" data-id=\"637e63b\" data-element_type=\"widget\" data-e-type=\"widget\" data-widget_type=\"text-editor.default\">\n\t\t\t\t<div class=\"elementor-widget-container\">\n\t\t\t\t\t\t\t\t\t<p>Chaque chambre de l&#8217;h\u00f4tel est con\u00e7ue dans un style et avec une d\u00e9coration diff\u00e9rents. En deux mots: singularit\u00e9 et \u00e9l\u00e9gance.<\/p>\t\t\t\t\t\t\t\t<\/div>\n\t\t\t\t<\/div>\n\t\t\t\t<div class=\"elementor-element elementor-element-b351e24 elementor-widget elementor-widget-spacer\" data-id=\"b351e24\" data-element_type=\"widget\" data-e-type=\"widget\" data-widget_type=\"spacer.default\">\n\t\t\t\t<div class=\"elementor-widget-container\">\n\t\t\t\t\t\t\t<div class=\"elementor-spacer\">\n\t\t\t<div class=\"elementor-spacer-inner\"><\/div>\n\t\t<\/div>\n\t\t\t\t\t\t<\/div>\n\t\t\t\t<\/div>\n\t\t\t\t<div class=\"elementor-element elementor-element-3f3f25b elementor-widget elementor-widget-spacer\" data-id=\"3f3f25b\" data-element_type=\"widget\" data-e-type=\"widget\" data-widget_type=\"spacer.default\">\n\t\t\t\t<div class=\"elementor-widget-container\">\n\t\t\t\t\t\t\t<div class=\"elementor-spacer\">\n\t\t\t<div class=\"elementor-spacer-inner\"><\/div>\n\t\t<\/div>\n\t\t\t\t\t\t<\/div>\n\t\t\t\t<\/div>\n\t\t\t\t<div class=\"elementor-element elementor-element-187eddc elementor-widget elementor-widget-ci_post_types\" data-id=\"187eddc\" data-element_type=\"widget\" data-e-type=\"widget\" data-widget_type=\"ci_post_types.default\">\n\t\t\t\t<div class=\"elementor-widget-container\">\n\t\t\t\t\t<div class=\"ignition-elementor-widget-post-types is-style-ignition-zermatt-overlay\"><div class=\"row row-items row-columns-3\">\t\t\t\t<div class=\"suites term-5 col-lg-4 col-sm-6 col-12\">\n<div id=\"entry-item-3269\" class=\"entry-item post-3269 ignition-accommodati type-ignition-accommodati status-publish has-post-thumbnail hentry ignition_accommodation_category-suites\">\n\t\t\t<figure class=\"entry-item-thumb\">\n\t\t\t<a href=\"https:\/\/demo.labussolahotel.it\/fr\/accommodation\/suite-junior\/\">\n\t\t\t\t<img fetchpriority=\"high\" decoding=\"async\" width=\"615\" height=\"410\" src=\"https:\/\/demo.labussolahotel.it\/wp-content\/uploads\/2023\/05\/Suite-room-la-bussola2-615x410.jpg\" class=\"attachment-ignition_item size-ignition_item wp-post-image\" alt=\"\" srcset=\"https:\/\/demo.labussolahotel.it\/wp-content\/uploads\/2023\/05\/Suite-room-la-bussola2-615x410.jpg 615w, https:\/\/demo.labussolahotel.it\/wp-content\/uploads\/2023\/05\/Suite-room-la-bussola2-300x200.jpg 300w, https:\/\/demo.labussolahotel.it\/wp-content\/uploads\/2023\/05\/Suite-room-la-bussola2-1024x683.jpg 1024w, https:\/\/demo.labussolahotel.it\/wp-content\/uploads\/2023\/05\/Suite-room-la-bussola2-768x512.jpg 768w, https:\/\/demo.labussolahotel.it\/wp-content\/uploads\/2023\/05\/Suite-room-la-bussola2-1536x1024.jpg 1536w, https:\/\/demo.labussolahotel.it\/wp-content\/uploads\/2023\/05\/Suite-room-la-bussola2-790x527.jpg 790w, https:\/\/demo.labussolahotel.it\/wp-content\/uploads\/2023\/05\/Suite-room-la-bussola2-1200x800.jpg 1200w, https:\/\/demo.labussolahotel.it\/wp-content\/uploads\/2023\/05\/Suite-room-la-bussola2.jpg 1920w\" sizes=\"(max-width: 615px) 100vw, 615px\" \/>\t\t\t<\/a>\n\t\t<\/figure>\n\t\n\t<div class=\"entry-item-content\">\n\t\t<h2 class=\"entry-item-title\"><a href=\"https:\/\/demo.labussolahotel.it\/fr\/accommodation\/suite-junior\/\">Junior Suite<\/a><\/h2>\n\t\t\t\t\t<div class=\"entry-item-excerpt\">\n\t\t\t\t<p>&gt;30 m\u00b2 ~ Vue sur la mer<\/p>\n\t\t\t<\/div>\n\t\t\n\t\t<a href=\"https:\/\/demo.labussolahotel.it\/fr\/accommodation\/suite-junior\/\" class=\"btn btn-entry-more\">\n\t\t\tEn savoir plus\t\t<\/a>\n\t<\/div>\n<\/div>\n<\/div>\t\t\t\t<div class=\"rooms term-4 col-lg-4 col-sm-6 col-12\">\n<div id=\"entry-item-3266\" class=\"entry-item post-3266 ignition-accommodati type-ignition-accommodati status-publish has-post-thumbnail hentry ignition_accommodation_category-rooms\">\n\t\t\t<figure class=\"entry-item-thumb\">\n\t\t\t<a href=\"https:\/\/demo.labussolahotel.it\/fr\/accommodation\/prestige\/\">\n\t\t\t\t<img decoding=\"async\" width=\"615\" height=\"410\" src=\"https:\/\/demo.labussolahotel.it\/wp-content\/uploads\/2024\/03\/Prestige-room-la-Bussola1-1-615x410.jpg\" class=\"attachment-ignition_item size-ignition_item wp-post-image\" alt=\"\" srcset=\"https:\/\/demo.labussolahotel.it\/wp-content\/uploads\/2024\/03\/Prestige-room-la-Bussola1-1-615x410.jpg 615w, https:\/\/demo.labussolahotel.it\/wp-content\/uploads\/2024\/03\/Prestige-room-la-Bussola1-1-790x527.jpg 790w, https:\/\/demo.labussolahotel.it\/wp-content\/uploads\/2024\/03\/Prestige-room-la-Bussola1-1-1200x800.jpg 1200w\" sizes=\"(max-width: 615px) 100vw, 615px\" \/>\t\t\t<\/a>\n\t\t<\/figure>\n\t\n\t<div class=\"entry-item-content\">\n\t\t<h2 class=\"entry-item-title\"><a href=\"https:\/\/demo.labussolahotel.it\/fr\/accommodation\/prestige\/\">Prestige<\/a><\/h2>\n\t\t\t\t\t<div class=\"entry-item-excerpt\">\n\t\t\t\t<p>23-25 m\u00b2 ~ Vue sur la mer<\/p>\n\t\t\t<\/div>\n\t\t\n\t\t<a href=\"https:\/\/demo.labussolahotel.it\/fr\/accommodation\/prestige\/\" class=\"btn btn-entry-more\">\n\t\t\tEn savoir plus\t\t<\/a>\n\t<\/div>\n<\/div>\n<\/div>\t\t\t\t<div class=\"rooms term-4 col-lg-4 col-sm-6 col-12\">\n<div id=\"entry-item-3259\" class=\"entry-item post-3259 ignition-accommodati type-ignition-accommodati status-publish has-post-thumbnail hentry ignition_accommodation_category-rooms\">\n\t\t\t<figure class=\"entry-item-thumb\">\n\t\t\t<a href=\"https:\/\/demo.labussolahotel.it\/fr\/accommodation\/superieure\/\">\n\t\t\t\t<img loading=\"lazy\" decoding=\"async\" width=\"615\" height=\"410\" src=\"https:\/\/demo.labussolahotel.it\/wp-content\/uploads\/2024\/03\/Superior-room-La-Bussola6-615x410.jpg\" class=\"attachment-ignition_item size-ignition_item wp-post-image\" alt=\"\" srcset=\"https:\/\/demo.labussolahotel.it\/wp-content\/uploads\/2024\/03\/Superior-room-La-Bussola6-615x410.jpg 615w, https:\/\/demo.labussolahotel.it\/wp-content\/uploads\/2024\/03\/Superior-room-La-Bussola6-790x527.jpg 790w, https:\/\/demo.labussolahotel.it\/wp-content\/uploads\/2024\/03\/Superior-room-La-Bussola6-1200x800.jpg 1200w\" sizes=\"(max-width: 615px) 100vw, 615px\" \/>\t\t\t<\/a>\n\t\t<\/figure>\n\t\n\t<div class=\"entry-item-content\">\n\t\t<h2 class=\"entry-item-title\"><a href=\"https:\/\/demo.labussolahotel.it\/fr\/accommodation\/superieure\/\">Superior<\/a><\/h2>\n\t\t\t\t\t<div class=\"entry-item-excerpt\">\n\t\t\t\t<p>18-26 m\u00b2 ~ Vue sur la mer<\/p>\n\t\t\t<\/div>\n\t\t\n\t\t<a href=\"https:\/\/demo.labussolahotel.it\/fr\/accommodation\/superieure\/\" class=\"btn btn-entry-more\">\n\t\t\tEn savoir plus\t\t<\/a>\n\t<\/div>\n<\/div>\n<\/div>\t\t\t\t<div class=\"rooms term-4 col-lg-4 col-sm-6 col-12\">\n<div id=\"entry-item-3256\" class=\"entry-item post-3256 ignition-accommodati type-ignition-accommodati status-publish has-post-thumbnail hentry ignition_accommodation_category-rooms\">\n\t\t\t<figure class=\"entry-item-thumb\">\n\t\t\t<a href=\"https:\/\/demo.labussolahotel.it\/fr\/accommodation\/terrasse-de-luxe\/\">\n\t\t\t\t<img loading=\"lazy\" decoding=\"async\" width=\"615\" height=\"410\" src=\"https:\/\/demo.labussolahotel.it\/wp-content\/uploads\/2024\/03\/Deluxe-room-la-Bussola1-615x410.jpg\" class=\"attachment-ignition_item size-ignition_item wp-post-image\" alt=\"\" srcset=\"https:\/\/demo.labussolahotel.it\/wp-content\/uploads\/2024\/03\/Deluxe-room-la-Bussola1-615x410.jpg 615w, https:\/\/demo.labussolahotel.it\/wp-content\/uploads\/2024\/03\/Deluxe-room-la-Bussola1-300x200.jpg 300w, https:\/\/demo.labussolahotel.it\/wp-content\/uploads\/2024\/03\/Deluxe-room-la-Bussola1-1024x684.jpg 1024w, https:\/\/demo.labussolahotel.it\/wp-content\/uploads\/2024\/03\/Deluxe-room-la-Bussola1-768x513.jpg 768w, https:\/\/demo.labussolahotel.it\/wp-content\/uploads\/2024\/03\/Deluxe-room-la-Bussola1-1536x1026.jpg 1536w, https:\/\/demo.labussolahotel.it\/wp-content\/uploads\/2024\/03\/Deluxe-room-la-Bussola1-790x527.jpg 790w, https:\/\/demo.labussolahotel.it\/wp-content\/uploads\/2024\/03\/Deluxe-room-la-Bussola1-1200x800.jpg 1200w, https:\/\/demo.labussolahotel.it\/wp-content\/uploads\/2024\/03\/Deluxe-room-la-Bussola1.jpg 1920w\" sizes=\"(max-width: 615px) 100vw, 615px\" \/>\t\t\t<\/a>\n\t\t<\/figure>\n\t\n\t<div class=\"entry-item-content\">\n\t\t<h2 class=\"entry-item-title\"><a href=\"https:\/\/demo.labussolahotel.it\/fr\/accommodation\/terrasse-de-luxe\/\">Deluxe Terrace<\/a><\/h2>\n\t\t\t\t\t<div class=\"entry-item-excerpt\">\n\t\t\t\t<p>&gt;18 m\u00b2 ~ Vue sur la mer<\/p>\n\t\t\t<\/div>\n\t\t\n\t\t<a href=\"https:\/\/demo.labussolahotel.it\/fr\/accommodation\/terrasse-de-luxe\/\" class=\"btn btn-entry-more\">\n\t\t\tEn savoir plus\t\t<\/a>\n\t<\/div>\n<\/div>\n<\/div>\t\t\t\t<div class=\"rooms term-4 col-lg-4 col-sm-6 col-12\">\n<div id=\"entry-item-3248\" class=\"entry-item post-3248 ignition-accommodati type-ignition-accommodati status-publish has-post-thumbnail hentry ignition_accommodation_category-rooms\">\n\t\t\t<figure class=\"entry-item-thumb\">\n\t\t\t<a href=\"https:\/\/demo.labussolahotel.it\/fr\/accommodation\/comfort\/\">\n\t\t\t\t<img loading=\"lazy\" decoding=\"async\" width=\"615\" height=\"410\" src=\"https:\/\/demo.labussolahotel.it\/wp-content\/uploads\/2024\/03\/Comfort-room-la-Bussola5-615x410.jpg\" class=\"attachment-ignition_item size-ignition_item wp-post-image\" alt=\"\" srcset=\"https:\/\/demo.labussolahotel.it\/wp-content\/uploads\/2024\/03\/Comfort-room-la-Bussola5-615x410.jpg 615w, https:\/\/demo.labussolahotel.it\/wp-content\/uploads\/2024\/03\/Comfort-room-la-Bussola5-790x527.jpg 790w, https:\/\/demo.labussolahotel.it\/wp-content\/uploads\/2024\/03\/Comfort-room-la-Bussola5-1200x800.jpg 1200w\" sizes=\"(max-width: 615px) 100vw, 615px\" \/>\t\t\t<\/a>\n\t\t<\/figure>\n\t\n\t<div class=\"entry-item-content\">\n\t\t<h2 class=\"entry-item-title\"><a href=\"https:\/\/demo.labussolahotel.it\/fr\/accommodation\/comfort\/\">Comfort<\/a><\/h2>\n\t\t\t\t\t<div class=\"entry-item-excerpt\">\n\t\t\t\t<p>&gt;18 m\u00b2 ~ Vue lat\u00e9rale sur la mer<\/p>\n\t\t\t<\/div>\n\t\t\n\t\t<a href=\"https:\/\/demo.labussolahotel.it\/fr\/accommodation\/comfort\/\" class=\"btn btn-entry-more\">\n\t\t\tEn savoir plus\t\t<\/a>\n\t<\/div>\n<\/div>\n<\/div>\t\t\t\t<div class=\"rooms term-4 col-lg-4 col-sm-6 col-12\">\n<div id=\"entry-item-3244\" class=\"entry-item post-3244 ignition-accommodati type-ignition-accommodati status-publish has-post-thumbnail hentry ignition_accommodation_category-rooms\">\n\t\t\t<figure class=\"entry-item-thumb\">\n\t\t\t<a href=\"https:\/\/demo.labussolahotel.it\/fr\/accommodation\/vue-sur-la-cour\/\">\n\t\t\t\t<img loading=\"lazy\" decoding=\"async\" width=\"615\" height=\"410\" src=\"https:\/\/demo.labussolahotel.it\/wp-content\/uploads\/2024\/03\/Courtyard-view-room-La-Bussola1-1-615x410.jpg\" class=\"attachment-ignition_item size-ignition_item wp-post-image\" alt=\"\" srcset=\"https:\/\/demo.labussolahotel.it\/wp-content\/uploads\/2024\/03\/Courtyard-view-room-La-Bussola1-1-615x410.jpg 615w, https:\/\/demo.labussolahotel.it\/wp-content\/uploads\/2024\/03\/Courtyard-view-room-La-Bussola1-1-790x527.jpg 790w, https:\/\/demo.labussolahotel.it\/wp-content\/uploads\/2024\/03\/Courtyard-view-room-La-Bussola1-1-1200x800.jpg 1200w\" sizes=\"(max-width: 615px) 100vw, 615px\" \/>\t\t\t<\/a>\n\t\t<\/figure>\n\t\n\t<div class=\"entry-item-content\">\n\t\t<h2 class=\"entry-item-title\"><a href=\"https:\/\/demo.labussolahotel.it\/fr\/accommodation\/vue-sur-la-cour\/\">Courtyard View<\/a><\/h2>\n\t\t\t\t\t<div class=\"entry-item-excerpt\">\n\t\t\t\t<p>15 m\u00b2 ~ Vue sur la cour<\/p>\n\t\t\t<\/div>\n\t\t\n\t\t<a href=\"https:\/\/demo.labussolahotel.it\/fr\/accommodation\/vue-sur-la-cour\/\" class=\"btn btn-entry-more\">\n\t\t\tEn savoir plus\t\t<\/a>\n\t<\/div>\n<\/div>\n<\/div><\/div><\/div>\t\t\t\t<\/div>\n\t\t\t\t<\/div>\n\t\t\t\t<div class=\"elementor-element elementor-element-216ff64 elementor-hidden-tablet elementor-widget elementor-widget-spacer\" data-id=\"216ff64\" data-element_type=\"widget\" data-e-type=\"widget\" data-widget_type=\"spacer.default\">\n\t\t\t\t<div class=\"elementor-widget-container\">\n\t\t\t\t\t\t\t<div class=\"elementor-spacer\">\n\t\t\t<div class=\"elementor-spacer-inner\"><\/div>\n\t\t<\/div>\n\t\t\t\t\t\t<\/div>\n\t\t\t\t<\/div>\n\t\t\t\t<section class=\"elementor-section elementor-inner-section elementor-element elementor-element-bc64611 elementor-section-full_width elementor-section-height-default elementor-section-height-default\" data-id=\"bc64611\" data-element_type=\"section\" data-e-type=\"section\">\n\t\t\t\t\t\t<div class=\"elementor-container elementor-column-gap-default\">\n\t\t\t\t\t<div class=\"elementor-column elementor-col-100 elementor-inner-column elementor-element elementor-element-b8dc44e\" data-id=\"b8dc44e\" data-element_type=\"column\" data-e-type=\"column\" data-settings=\"{&quot;background_background&quot;:&quot;classic&quot;}\">\n\t\t\t<div class=\"elementor-widget-wrap elementor-element-populated\">\n\t\t\t\t\t\t<div class=\"elementor-element elementor-element-518d4e0 elementor-widget elementor-widget-text-editor\" data-id=\"518d4e0\" data-element_type=\"widget\" data-e-type=\"widget\" data-widget_type=\"text-editor.default\">\n\t\t\t\t<div class=\"elementor-widget-container\">\n\t\t\t\t\t\t\t\t\t<p>&#8220;Vous voulez vous d\u00e9tendre et vous sentir bien ? Choisissez La Bussola et vous trouverez tout cela avec la mer dans la chambre&#8221;.<\/p>\n\t\t\t\t\t\t\t\t<\/div>\n\t\t\t\t<\/div>\n\t\t\t\t<div class=\"elementor-element elementor-element-deac3c5 elementor-widget elementor-widget-heading\" data-id=\"deac3c5\" data-element_type=\"widget\" data-e-type=\"widget\" data-widget_type=\"heading.default\">\n\t\t\t\t<div class=\"elementor-widget-container\">\n\t\t\t\t\t<p class=\"elementor-heading-title elementor-size-default\">2023, Booking<\/p>\t\t\t\t<\/div>\n\t\t\t\t<\/div>\n\t\t\t\t\t<\/div>\n\t\t<\/div>\n\t\t\t\t\t<\/div>\n\t\t<\/section>\n\t\t\t\t<div class=\"elementor-element elementor-element-4299ff4 elementor-widget elementor-widget-spacer\" data-id=\"4299ff4\" data-element_type=\"widget\" data-e-type=\"widget\" data-widget_type=\"spacer.default\">\n\t\t\t\t<div class=\"elementor-widget-container\">\n\t\t\t\t\t\t\t<div class=\"elementor-spacer\">\n\t\t\t<div class=\"elementor-spacer-inner\"><\/div>\n\t\t<\/div>\n\t\t\t\t\t\t<\/div>\n\t\t\t\t<\/div>\n\t\t\t\t\t<\/div>\n\t\t<\/div>\n\t\t\t\t\t<\/div>\n\t\t<\/section>\n\t\t\t\t<\/div>\n\t\t","protected":false},"excerpt":{"rendered":"<p>Unicit\u00e9 et \u00e9l\u00e9gance Chaque chambre de l&#8217;h\u00f4tel est con\u00e7ue dans un style et avec une d\u00e9coration diff\u00e9rents. En deux mots: singularit\u00e9 et \u00e9l\u00e9gance. Junior Suite >30 m\u00b2 ~ Vista Mare Scopri di pi\u00f9 Prestige 23-25 [&hellip;]<\/p>\n","protected":false},"author":1,"featured_media":3271,"parent":0,"menu_order":0,"comment_status":"closed","ping_status":"closed","template":"templates\/template-fullwidth-boxed.php","meta":{"inline_featured_image":false,"footnotes":""},"class_list":["post-3611","page","type-page","status-publish","has-post-thumbnail","hentry"],"yoast_head":"<!-- This site is optimized with the Yoast SEO plugin v25.6 - https:\/\/yoast.com\/wordpress\/plugins\/seo\/ -->\n<title>Nos chambres - La Bussola Hotel DEMO<\/title>\n<meta name=\"robots\" content=\"index, follow, max-snippet:-1, max-image-preview:large, max-video-preview:-1\" \/>\n<link rel=\"canonical\" href=\"https:\/\/demo.labussolahotel.it\/le-nostre-camere\/\" \/>\n<meta property=\"og:locale\" content=\"fr_FR\" \/>\n<meta property=\"og:type\" content=\"article\" \/>\n<meta property=\"og:title\" content=\"Nos chambres - La Bussola Hotel DEMO\" \/>\n<meta property=\"og:description\" content=\"Unicit\u00e9 et \u00e9l\u00e9gance Chaque chambre de l&#8217;h\u00f4tel est con\u00e7ue dans un style et avec une d\u00e9coration diff\u00e9rents. En deux mots: singularit\u00e9 et \u00e9l\u00e9gance. Junior Suite &gt;30 m\u00b2 ~ Vista Mare Scopri di pi\u00f9 Prestige 23-25 [&hellip;]\" \/>\n<meta property=\"og:url\" content=\"https:\/\/demo.labussolahotel.it\/le-nostre-camere\/\" \/>\n<meta property=\"og:site_name\" content=\"La Bussola Hotel DEMO\" \/>\n<meta property=\"article:modified_time\" content=\"2024-07-17T16:43:22+00:00\" \/>\n<meta property=\"og:image\" content=\"https:\/\/demo.labussolahotel.it\/wp-content\/uploads\/2023\/05\/Suite-room-la-bussola2.jpg\" \/>\n\t<meta property=\"og:image:width\" content=\"1920\" \/>\n\t<meta property=\"og:image:height\" content=\"1280\" \/>\n\t<meta property=\"og:image:type\" content=\"image\/jpeg\" \/>\n<meta name=\"twitter:card\" content=\"summary_large_image\" \/>\n<meta name=\"twitter:label1\" content=\"Dur\u00e9e de lecture estim\u00e9e\" \/>\n\t<meta name=\"twitter:data1\" content=\"2 minutes\" \/>\n<script type=\"application\/ld+json\" class=\"yoast-schema-graph\">{\"@context\":\"https:\/\/schema.org\",\"@graph\":[{\"@type\":\"WebPage\",\"@id\":\"https:\/\/demo.labussolahotel.it\/le-nostre-camere\/\",\"url\":\"https:\/\/demo.labussolahotel.it\/le-nostre-camere\/\",\"name\":\"Nos chambres - La Bussola Hotel DEMO\",\"isPartOf\":{\"@id\":\"https:\/\/demo.labussolahotel.it\/#website\"},\"primaryImageOfPage\":{\"@id\":\"https:\/\/demo.labussolahotel.it\/le-nostre-camere\/#primaryimage\"},\"image\":{\"@id\":\"https:\/\/demo.labussolahotel.it\/le-nostre-camere\/#primaryimage\"},\"thumbnailUrl\":\"https:\/\/demo.labussolahotel.it\/wp-content\/uploads\/2023\/05\/Suite-room-la-bussola2.jpg\",\"datePublished\":\"2023-04-20T12:27:01+00:00\",\"dateModified\":\"2024-07-17T16:43:22+00:00\",\"breadcrumb\":{\"@id\":\"https:\/\/demo.labussolahotel.it\/le-nostre-camere\/#breadcrumb\"},\"inLanguage\":\"fr-FR\",\"potentialAction\":[{\"@type\":\"ReadAction\",\"target\":[\"https:\/\/demo.labussolahotel.it\/le-nostre-camere\/\"]}]},{\"@type\":\"ImageObject\",\"inLanguage\":\"fr-FR\",\"@id\":\"https:\/\/demo.labussolahotel.it\/le-nostre-camere\/#primaryimage\",\"url\":\"https:\/\/demo.labussolahotel.it\/wp-content\/uploads\/2023\/05\/Suite-room-la-bussola2.jpg\",\"contentUrl\":\"https:\/\/demo.labussolahotel.it\/wp-content\/uploads\/2023\/05\/Suite-room-la-bussola2.jpg\",\"width\":1920,\"height\":1280},{\"@type\":\"BreadcrumbList\",\"@id\":\"https:\/\/demo.labussolahotel.it\/le-nostre-camere\/#breadcrumb\",\"itemListElement\":[{\"@type\":\"ListItem\",\"position\":1,\"name\":\"Home\",\"item\":\"https:\/\/demo.labussolahotel.it\/\"},{\"@type\":\"ListItem\",\"position\":2,\"name\":\"Nos chambres\"}]},{\"@type\":\"WebSite\",\"@id\":\"https:\/\/demo.labussolahotel.it\/#website\",\"url\":\"https:\/\/demo.labussolahotel.it\/\",\"name\":\"La Bussola Hotel DEMO\",\"description\":\"\",\"publisher\":{\"@id\":\"https:\/\/demo.labussolahotel.it\/#organization\"},\"potentialAction\":[{\"@type\":\"SearchAction\",\"target\":{\"@type\":\"EntryPoint\",\"urlTemplate\":\"https:\/\/demo.labussolahotel.it\/?s={search_term_string}\"},\"query-input\":{\"@type\":\"PropertyValueSpecification\",\"valueRequired\":true,\"valueName\":\"search_term_string\"}}],\"inLanguage\":\"fr-FR\"},{\"@type\":\"Organization\",\"@id\":\"https:\/\/demo.labussolahotel.it\/#organization\",\"name\":\"La Bussola Hotel DEMO\",\"url\":\"https:\/\/demo.labussolahotel.it\/\",\"logo\":{\"@type\":\"ImageObject\",\"inLanguage\":\"fr-FR\",\"@id\":\"https:\/\/demo.labussolahotel.it\/#\/schema\/logo\/image\/\",\"url\":\"https:\/\/demo.labussolahotel.it\/wp-content\/uploads\/2024\/05\/logo-hotel-labussola.png\",\"contentUrl\":\"https:\/\/demo.labussolahotel.it\/wp-content\/uploads\/2024\/05\/logo-hotel-labussola.png\",\"width\":841,\"height\":350,\"caption\":\"La Bussola Hotel DEMO\"},\"image\":{\"@id\":\"https:\/\/demo.labussolahotel.it\/#\/schema\/logo\/image\/\"}}]}<\/script>\n<!-- \/ Yoast SEO plugin. -->","yoast_head_json":{"title":"Nos chambres - La Bussola Hotel DEMO","robots":{"index":"index","follow":"follow","max-snippet":"max-snippet:-1","max-image-preview":"max-image-preview:large","max-video-preview":"max-video-preview:-1"},"canonical":"https:\/\/demo.labussolahotel.it\/le-nostre-camere\/","og_locale":"fr_FR","og_type":"article","og_title":"Nos chambres - La Bussola Hotel DEMO","og_description":"Unicit\u00e9 et \u00e9l\u00e9gance Chaque chambre de l&#8217;h\u00f4tel est con\u00e7ue dans un style et avec une d\u00e9coration diff\u00e9rents. En deux mots: singularit\u00e9 et \u00e9l\u00e9gance. Junior Suite >30 m\u00b2 ~ Vista Mare Scopri di pi\u00f9 Prestige 23-25 [&hellip;]","og_url":"https:\/\/demo.labussolahotel.it\/le-nostre-camere\/","og_site_name":"La Bussola Hotel DEMO","article_modified_time":"2024-07-17T16:43:22+00:00","og_image":[{"width":1920,"height":1280,"url":"https:\/\/demo.labussolahotel.it\/wp-content\/uploads\/2023\/05\/Suite-room-la-bussola2.jpg","type":"image\/jpeg"}],"twitter_card":"summary_large_image","twitter_misc":{"Dur\u00e9e de lecture estim\u00e9e":"2 minutes"},"schema":{"@context":"https:\/\/schema.org","@graph":[{"@type":"WebPage","@id":"https:\/\/demo.labussolahotel.it\/le-nostre-camere\/","url":"https:\/\/demo.labussolahotel.it\/le-nostre-camere\/","name":"Nos chambres - La Bussola Hotel DEMO","isPartOf":{"@id":"https:\/\/demo.labussolahotel.it\/#website"},"primaryImageOfPage":{"@id":"https:\/\/demo.labussolahotel.it\/le-nostre-camere\/#primaryimage"},"image":{"@id":"https:\/\/demo.labussolahotel.it\/le-nostre-camere\/#primaryimage"},"thumbnailUrl":"https:\/\/demo.labussolahotel.it\/wp-content\/uploads\/2023\/05\/Suite-room-la-bussola2.jpg","datePublished":"2023-04-20T12:27:01+00:00","dateModified":"2024-07-17T16:43:22+00:00","breadcrumb":{"@id":"https:\/\/demo.labussolahotel.it\/le-nostre-camere\/#breadcrumb"},"inLanguage":"fr-FR","potentialAction":[{"@type":"ReadAction","target":["https:\/\/demo.labussolahotel.it\/le-nostre-camere\/"]}]},{"@type":"ImageObject","inLanguage":"fr-FR","@id":"https:\/\/demo.labussolahotel.it\/le-nostre-camere\/#primaryimage","url":"https:\/\/demo.labussolahotel.it\/wp-content\/uploads\/2023\/05\/Suite-room-la-bussola2.jpg","contentUrl":"https:\/\/demo.labussolahotel.it\/wp-content\/uploads\/2023\/05\/Suite-room-la-bussola2.jpg","width":1920,"height":1280},{"@type":"BreadcrumbList","@id":"https:\/\/demo.labussolahotel.it\/le-nostre-camere\/#breadcrumb","itemListElement":[{"@type":"ListItem","position":1,"name":"Home","item":"https:\/\/demo.labussolahotel.it\/"},{"@type":"ListItem","position":2,"name":"Nos chambres"}]},{"@type":"WebSite","@id":"https:\/\/demo.labussolahotel.it\/#website","url":"https:\/\/demo.labussolahotel.it\/","name":"La Bussola Hotel DEMO","description":"","publisher":{"@id":"https:\/\/demo.labussolahotel.it\/#organization"},"potentialAction":[{"@type":"SearchAction","target":{"@type":"EntryPoint","urlTemplate":"https:\/\/demo.labussolahotel.it\/?s={search_term_string}"},"query-input":{"@type":"PropertyValueSpecification","valueRequired":true,"valueName":"search_term_string"}}],"inLanguage":"fr-FR"},{"@type":"Organization","@id":"https:\/\/demo.labussolahotel.it\/#organization","name":"La Bussola Hotel DEMO","url":"https:\/\/demo.labussolahotel.it\/","logo":{"@type":"ImageObject","inLanguage":"fr-FR","@id":"https:\/\/demo.labussolahotel.it\/#\/schema\/logo\/image\/","url":"https:\/\/demo.labussolahotel.it\/wp-content\/uploads\/2024\/05\/logo-hotel-labussola.png","contentUrl":"https:\/\/demo.labussolahotel.it\/wp-content\/uploads\/2024\/05\/logo-hotel-labussola.png","width":841,"height":350,"caption":"La Bussola Hotel DEMO"},"image":{"@id":"https:\/\/demo.labussolahotel.it\/#\/schema\/logo\/image\/"}}]}},"_links":{"self":[{"href":"https:\/\/demo.labussolahotel.it\/fr\/wp-json\/wp\/v2\/pages\/3611"}],"collection":[{"href":"https:\/\/demo.labussolahotel.it\/fr\/wp-json\/wp\/v2\/pages"}],"about":[{"href":"https:\/\/demo.labussolahotel.it\/fr\/wp-json\/wp\/v2\/types\/page"}],"author":[{"embeddable":true,"href":"https:\/\/demo.labussolahotel.it\/fr\/wp-json\/wp\/v2\/users\/1"}],"replies":[{"embeddable":true,"href":"https:\/\/demo.labussolahotel.it\/fr\/wp-json\/wp\/v2\/comments?post=3611"}],"version-history":[{"count":7,"href":"https:\/\/demo.labussolahotel.it\/fr\/wp-json\/wp\/v2\/pages\/3611\/revisions"}],"predecessor-version":[{"id":4148,"href":"https:\/\/demo.labussolahotel.it\/fr\/wp-json\/wp\/v2\/pages\/3611\/revisions\/4148"}],"wp:featuredmedia":[{"embeddable":true,"href":"https:\/\/demo.labussolahotel.it\/fr\/wp-json\/wp\/v2\/media\/3271"}],"wp:attachment":[{"href":"https:\/\/demo.labussolahotel.it\/fr\/wp-json\/wp\/v2\/media?parent=3611"}],"curies":[{"name":"wp","href":"https:\/\/api.w.org\/{rel}","templated":true}]}}